{"id":48119,"date":"2021-01-21T14:11:56","date_gmt":"2021-01-21T17:11:56","guid":{"rendered":"https:\/\/www.livrariarema.com.br\/loja\/produtos\/sem%20categoria\/adolescentes-da-biblia-os-daniel-darling\/"},"modified":"2026-04-30T17:03:12","modified_gmt":"2026-04-30T20:03:12","slug":"adolescentes-da-biblia-os-daniel-darling","status":"publish","type":"product","link":"https:\/\/www.livrariarema.com.br\/loja\/produtos\/livros\/adolescente\/adolescentes-da-biblia-os-daniel-darling\/","title":{"rendered":"Adolescentes Da B\u00edblia, Os &#8211; Daniel Darling"},"content":{"rendered":"<p>O que podemos aprender com personagens b\u00edblicos de 2 mil anos atr\u00e1s? Ser\u00e1 que eles enfrentam alguma das tenta\u00e7\u00f5es que eu enfrento diariamente? Ser\u00e1 que eles foram dotados com um gene espiritual que os ajudava a seguir Deus &#8220;automaticamente&#8221;?<br \/>\nLeia esta obra e perceba que os adolescentes das Escrituras eram pessoas como voc\u00ea. Eram pessoas que falhavam. Eram homens que abandonaram suas miss\u00f5es e mulheres que duvidavam de Deus.<br \/>\n As suas hist\u00f3rias eram muito mais emocionantes do que qualquer obra de fic\u00e7\u00e3o que voc\u00ea possa ler. Descubra-as!<\/p>\n","protected":false},"excerpt":{"rendered":"<p>O que podemos aprender com personagens b\u00edblicos de 2 mil anos atr\u00e1s? Ser\u00e1 que eles enfrentam alguma das tenta\u00e7\u00f5es que&hellip;<\/p>\n","protected":false},"featured_media":345566,"comment_status":"open","ping_status":"closed","template":"","meta":[],"product_cat":[186,134],"product_tag":[],"_links":{"self":[{"href":"https:\/\/www.livrariarema.com.br\/loja\/wp-json\/wp\/v2\/product\/48119"}],"collection":[{"href":"https:\/\/www.livrariarema.com.br\/loja\/wp-json\/wp\/v2\/product"}],"about":[{"href":"https:\/\/www.livrariarema.com.br\/loja\/wp-json\/wp\/v2\/types\/product"}],"replies":[{"embeddable":true,"href":"https:\/\/www.livrariarema.com.br\/loja\/wp-json\/wp\/v2\/comments?post=48119"}],"wp:featuredmedia":[{"embeddable":true,"href":"https:\/\/www.livrariarema.com.br\/loja\/wp-json\/wp\/v2\/media\/345566"}],"wp:attachment":[{"href":"https:\/\/www.livrariarema.com.br\/loja\/wp-json\/wp\/v2\/media?parent=48119"}],"wp:term":[{"taxonomy":"product_cat","embeddable":true,"href":"https:\/\/www.livrariarema.com.br\/loja\/wp-json\/wp\/v2\/product_cat?post=48119"},{"taxonomy":"product_tag","embeddable":true,"href":"https:\/\/www.livrariarema.com.br\/loja\/wp-json\/wp\/v2\/product_tag?post=48119"}],"curies":[{"name":"wp","href":"https:\/\/api.w.org\/{rel}","templated":true}]}}