{"id":48172,"date":"2021-01-21T14:13:13","date_gmt":"2021-01-21T17:13:13","guid":{"rendered":"https:\/\/www.livrariarema.com.br\/loja\/produtos\/sem%20categoria\/ntlh93p1-biblia-sagrada-historias-ilustradas\/"},"modified":"2026-04-29T14:04:07","modified_gmt":"2026-04-29T17:04:07","slug":"ntlh93p1-biblia-sagrada-historias-ilustradas","status":"publish","type":"product","link":"https:\/\/www.livrariarema.com.br\/loja\/produtos\/livros\/infantil-biblia\/ntlh93p1-biblia-sagrada-historias-ilustradas\/","title":{"rendered":"Ntlh93p1 &#8211; B\u00edblia Sagrada Hist\u00f3rias Ilustradas"},"content":{"rendered":"<p>Uma hist\u00f3ria por dia, o ano inteiro. Assim \u00e9 a B\u00edblia Ilustrada &#8211; 365 hist\u00f3rias selecionadas, que re\u00fane uma sele\u00e7\u00e3o das mais belas hist\u00f3rias b\u00edblicas do Antigo e Novo Testamentos, em uma edi\u00e7\u00e3o caprichada, feita em papel couch\u00ea e capa almofadada. Com um tra\u00e7o moderno e cores vibrantes, suas ilustra\u00e7\u00f5es conferem emo\u00e7\u00e3o e movimento \u00e0 narrativa. Al\u00e9m disso, tem texto b\u00edblico na Nova Tradu\u00e7\u00e3o na Linguagem de Hoje (NTLH), que, por sua linguagem simples e atual, facilita a compreens\u00e3o da mensagem b\u00edblica. Sua concep\u00e7\u00e3o inovadora agrada p\u00fablicos de todas as idades. Trata-se de uma obra ideal para ser lida em fam\u00edlia.<\/p>\n<p><b>Recursos:<\/b><\/p>\n<p>&#8211; Texto b\u00edblico: Nova Tradu\u00e7\u00e3o na Linguagem de Hoje<br \/>\n&#8211; 365 hist\u00f3rias b\u00edblicas<br \/>\n&#8211; Capa dura almofadada ilustrada<\/p>\n","protected":false},"excerpt":{"rendered":"<p>Uma hist\u00f3ria por dia, o ano inteiro. Assim \u00e9 a B\u00edblia Ilustrada &#8211; 365 hist\u00f3rias selecionadas, que re\u00fane uma sele\u00e7\u00e3o&hellip;<\/p>\n","protected":false},"featured_media":347723,"comment_status":"open","ping_status":"closed","template":"","meta":[],"product_cat":[165,134],"product_tag":[],"_links":{"self":[{"href":"https:\/\/www.livrariarema.com.br\/loja\/wp-json\/wp\/v2\/product\/48172"}],"collection":[{"href":"https:\/\/www.livrariarema.com.br\/loja\/wp-json\/wp\/v2\/product"}],"about":[{"href":"https:\/\/www.livrariarema.com.br\/loja\/wp-json\/wp\/v2\/types\/product"}],"replies":[{"embeddable":true,"href":"https:\/\/www.livrariarema.com.br\/loja\/wp-json\/wp\/v2\/comments?post=48172"}],"wp:featuredmedia":[{"embeddable":true,"href":"https:\/\/www.livrariarema.com.br\/loja\/wp-json\/wp\/v2\/media\/347723"}],"wp:attachment":[{"href":"https:\/\/www.livrariarema.com.br\/loja\/wp-json\/wp\/v2\/media?parent=48172"}],"wp:term":[{"taxonomy":"product_cat","embeddable":true,"href":"https:\/\/www.livrariarema.com.br\/loja\/wp-json\/wp\/v2\/product_cat?post=48172"},{"taxonomy":"product_tag","embeddable":true,"href":"https:\/\/www.livrariarema.com.br\/loja\/wp-json\/wp\/v2\/product_tag?post=48172"}],"curies":[{"name":"wp","href":"https:\/\/api.w.org\/{rel}","templated":true}]}}