{"id":48202,"date":"2021-01-21T14:14:53","date_gmt":"2021-01-21T17:14:53","guid":{"rendered":"https:\/\/www.livrariarema.com.br\/loja\/produtos\/sem%20categoria\/licoes-para-pre-escolares-milagres-cartazes\/"},"modified":"2022-07-04T17:16:34","modified_gmt":"2022-07-04T20:16:34","slug":"licoes-para-pre-escolares-milagres-cartazes","status":"publish","type":"product","link":"https:\/\/www.livrariarema.com.br\/loja\/produtos\/diversos\/flanelografo-e-cartazes\/licoes-para-pre-escolares-milagres-cartazes\/","title":{"rendered":"Li\u00e7\u00f5es Para Pr\u00e9 Escolares &#8211; Milagres &#8211; Cartazes"},"content":{"rendered":"<p>Os Pr\u00e9- Escolares podem conhecer a Deus por meio dos SEUS MILAGRES. Excelente para Escola Dominical, Creche, Culto Infantil, Clubes B\u00edblicos e muito mais!<br \/>\n6 li\u00e7\u00f5es que ajudam os pr\u00e9-escolares a conhecer a Deus, Aquele que tem poder sobre tudo, com plano completo de aulas para crian\u00e7as de 4 e 5 anos. Adapt\u00e1vel para crian\u00e7as de 2 e 3 anos (onde poder\u00e1 ser dividido em 30 li\u00e7\u00f5es para uso em aulas di\u00e1rias).<br \/>\nEste volume pertence a uma s\u00e9rie que, como o t\u00edtulo indica, \u00e9 nossa convic\u00e7\u00e3o que os pr\u00e9 escolares podem conhecer a Deus. Cada li\u00e7\u00e3o inclui muitas oportunidades de envolvimento ativo mediante atividades dram\u00e1ticas, rimas de a\u00e7\u00e3o e m\u00fasicas, al\u00e9m de perguntas para a revis\u00e3o.<br \/>\n1) Jesus cura um paral\u00edtico (Leve seus amigos a Jesus)<br \/>\n2) Jesus cura o cego Bartimeu (Pe\u00e7a a Deus para ajudar voc\u00ea)<br \/>\n3) Jesus acalma a tempestade (Confie em Deus para cuidar de voc\u00ea)<br \/>\n4) Jesus alimenta muitas pessoas (Deixe Deus usar voc\u00ea para ajudar outros)<br \/>\n5) Jesus ressuscita a filha de Jairo (Agrade\u00e7a a Deus pelo Seu grande poder)<br \/>\n6) Jesus ressuscita L\u00e1zaro (Confie no plano de Deus para sua vida)<\/p>\n<p>Inclui:<br \/>\nFiguras em Cartazes (as folhas s\u00e3o soltas)<br \/>\nLivro Roteiro com esbo\u00e7o das aulas<br \/>\nItens reproduz\u00edveis e dicas de como s\u00e3o e como ensinar os Pr\u00e9-Escolares<br \/>\nLivro de Atividades<\/p>\n","protected":false},"excerpt":{"rendered":"<p>Os Pr\u00e9- Escolares podem conhecer a Deus por meio dos SEUS MILAGRES. Excelente para Escola Dominical, Creche, Culto Infantil, Clubes&hellip;<\/p>\n","protected":false},"featured_media":168531,"comment_status":"open","ping_status":"closed","template":"","meta":[],"product_cat":[132,133],"product_tag":[],"_links":{"self":[{"href":"https:\/\/www.livrariarema.com.br\/loja\/wp-json\/wp\/v2\/product\/48202"}],"collection":[{"href":"https:\/\/www.livrariarema.com.br\/loja\/wp-json\/wp\/v2\/product"}],"about":[{"href":"https:\/\/www.livrariarema.com.br\/loja\/wp-json\/wp\/v2\/types\/product"}],"replies":[{"embeddable":true,"href":"https:\/\/www.livrariarema.com.br\/loja\/wp-json\/wp\/v2\/comments?post=48202"}],"wp:featuredmedia":[{"embeddable":true,"href":"https:\/\/www.livrariarema.com.br\/loja\/wp-json\/wp\/v2\/media\/168531"}],"wp:attachment":[{"href":"https:\/\/www.livrariarema.com.br\/loja\/wp-json\/wp\/v2\/media?parent=48202"}],"wp:term":[{"taxonomy":"product_cat","embeddable":true,"href":"https:\/\/www.livrariarema.com.br\/loja\/wp-json\/wp\/v2\/product_cat?post=48202"},{"taxonomy":"product_tag","embeddable":true,"href":"https:\/\/www.livrariarema.com.br\/loja\/wp-json\/wp\/v2\/product_tag?post=48202"}],"curies":[{"name":"wp","href":"https:\/\/api.w.org\/{rel}","templated":true}]}}