{"id":48251,"date":"2021-01-21T14:22:02","date_gmt":"2021-01-21T17:22:02","guid":{"rendered":"https:\/\/www.livrariarema.com.br\/loja\/produtos\/sem%20categoria\/livro-de-banho-biblicos-de-banho-jonas\/"},"modified":"2026-03-14T11:01:04","modified_gmt":"2026-03-14T14:01:04","slug":"livro-de-banho-biblicos-de-banho-jonas","status":"publish","type":"product","link":"https:\/\/www.livrariarema.com.br\/loja\/produtos\/livros\/infantil\/livro-de-banho-biblicos-de-banho-jonas\/","title":{"rendered":"Livro De Banho &#8211; B\u00edblicos De Banho &#8211; Jonas"},"content":{"rendered":"<p>De forma divertida, estes livros aproximam a crian\u00e7a da B\u00edblia. Os pequenos v\u00e3o adorar brincar com estes livrinhos de banho, encantadoramente ilustrados enquanto aprendem belas hist\u00f3rias b\u00edblicas durante o banho.<\/p>\n","protected":false},"excerpt":{"rendered":"<p>De forma divertida, estes livros aproximam a crian\u00e7a da B\u00edblia. Os pequenos v\u00e3o adorar brincar com estes livrinhos de banho,&hellip;<\/p>\n","protected":false},"featured_media":344549,"comment_status":"open","ping_status":"closed","template":"","meta":[],"product_cat":[144,134],"product_tag":[],"_links":{"self":[{"href":"https:\/\/www.livrariarema.com.br\/loja\/wp-json\/wp\/v2\/product\/48251"}],"collection":[{"href":"https:\/\/www.livrariarema.com.br\/loja\/wp-json\/wp\/v2\/product"}],"about":[{"href":"https:\/\/www.livrariarema.com.br\/loja\/wp-json\/wp\/v2\/types\/product"}],"replies":[{"embeddable":true,"href":"https:\/\/www.livrariarema.com.br\/loja\/wp-json\/wp\/v2\/comments?post=48251"}],"wp:featuredmedia":[{"embeddable":true,"href":"https:\/\/www.livrariarema.com.br\/loja\/wp-json\/wp\/v2\/media\/344549"}],"wp:attachment":[{"href":"https:\/\/www.livrariarema.com.br\/loja\/wp-json\/wp\/v2\/media?parent=48251"}],"wp:term":[{"taxonomy":"product_cat","embeddable":true,"href":"https:\/\/www.livrariarema.com.br\/loja\/wp-json\/wp\/v2\/product_cat?post=48251"},{"taxonomy":"product_tag","embeddable":true,"href":"https:\/\/www.livrariarema.com.br\/loja\/wp-json\/wp\/v2\/product_tag?post=48251"}],"curies":[{"name":"wp","href":"https:\/\/api.w.org\/{rel}","templated":true}]}}