{"id":48271,"date":"2021-01-21T14:22:48","date_gmt":"2021-01-21T17:22:48","guid":{"rendered":"https:\/\/www.livrariarema.com.br\/loja\/produtos\/sem%20categoria\/biblia-minha-primeira-mensagem\/"},"modified":"2026-04-25T13:10:18","modified_gmt":"2026-04-25T16:10:18","slug":"biblia-minha-primeira-mensagem","status":"publish","type":"product","link":"https:\/\/www.livrariarema.com.br\/loja\/produtos\/biblias\/infantil-biblias\/biblia-minha-primeira-mensagem\/","title":{"rendered":"Biblia Minha Primeira Mensagem"},"content":{"rendered":"<p>Como pais, queremos que nossos filhos descubram o valor da Palavra de Deus, n\u00e3o \u00e9 mesmo?<br \/>\n Contudo, a leitura b\u00edblica pode ser desafiadora, repleta de conceitos e linguagens dif\u00edceis que soam de maneira confusa aos ouvidos dos nossos pequeninos. <br \/>\nDeterminada a proporcionar um material de qualidade espec\u00edfico para este p\u00fablico, a BV Books traz Minha Primeira Mensagem, uma b\u00edblia \u00fanica que transforma os devocionais da fam\u00edlia em uma experi\u00eancia interativa e divertida. <br \/>\nEugene H Peterson (B\u00edblia &#8211; A Mensagem), nos proporcionou esta preciosa vers\u00e3o b\u00edblica, com uma tradu\u00e7\u00e3o de f\u00e1cil entendimento. Narrando cinquenta das hist\u00f3rias mais queridas da B\u00edblia, o livro \u00e9 preenchido com ilustra\u00e7\u00f5es vibrantes que trazem vida a estas li\u00e7\u00f5es eternas. <br \/>\nAfinal, como a pr\u00f3pria Escritura Sagrada diz, &#8220;Mostre a dire\u00e7\u00e3o da vida para seus filhos e, mesmo quando forem velhos, eles n\u00e3o se perder\u00e3o.&#8221; Prov\u00e9rbios 22.6.<\/p>\n","protected":false},"excerpt":{"rendered":"<p>Como pais, queremos que nossos filhos descubram o valor da Palavra de Deus, n\u00e3o \u00e9 mesmo? Contudo, a leitura b\u00edblica&hellip;<\/p>\n","protected":false},"featured_media":345226,"comment_status":"open","ping_status":"closed","template":"","meta":[],"product_cat":[139,202],"product_tag":[],"_links":{"self":[{"href":"https:\/\/www.livrariarema.com.br\/loja\/wp-json\/wp\/v2\/product\/48271"}],"collection":[{"href":"https:\/\/www.livrariarema.com.br\/loja\/wp-json\/wp\/v2\/product"}],"about":[{"href":"https:\/\/www.livrariarema.com.br\/loja\/wp-json\/wp\/v2\/types\/product"}],"replies":[{"embeddable":true,"href":"https:\/\/www.livrariarema.com.br\/loja\/wp-json\/wp\/v2\/comments?post=48271"}],"wp:featuredmedia":[{"embeddable":true,"href":"https:\/\/www.livrariarema.com.br\/loja\/wp-json\/wp\/v2\/media\/345226"}],"wp:attachment":[{"href":"https:\/\/www.livrariarema.com.br\/loja\/wp-json\/wp\/v2\/media?parent=48271"}],"wp:term":[{"taxonomy":"product_cat","embeddable":true,"href":"https:\/\/www.livrariarema.com.br\/loja\/wp-json\/wp\/v2\/product_cat?post=48271"},{"taxonomy":"product_tag","embeddable":true,"href":"https:\/\/www.livrariarema.com.br\/loja\/wp-json\/wp\/v2\/product_tag?post=48271"}],"curies":[{"name":"wp","href":"https:\/\/api.w.org\/{rel}","templated":true}]}}