{"id":48323,"date":"2021-01-21T14:25:13","date_gmt":"2021-01-21T17:25:13","guid":{"rendered":"https:\/\/www.livrariarema.com.br\/loja\/produtos\/sem%20categoria\/pensamentos-poderosos-joyce-meyer\/"},"modified":"2026-03-05T09:42:18","modified_gmt":"2026-03-05T12:42:18","slug":"pensamentos-poderosos-joyce-meyer","status":"publish","type":"product","link":"https:\/\/www.livrariarema.com.br\/loja\/produtos\/livros\/mulher\/pensamentos-poderosos-joyce-meyer\/","title":{"rendered":"Pensamentos Poderosos &#8211; Joyce Meyer"},"content":{"rendered":"<p>Em &#8220;Pensamentos Poderosos&#8221;, Joyce nos leva ao pr\u00f3ximo n\u00edvel na batalha para vencermos os pensamentos negativos.Esta sequ\u00eancia do livro Campo de Batalha da Mente representa um passo al\u00e9m nos princ\u00edpios inovadores que fizeram do primeiro livro um sucesso. Enquanto Campo de Batalha da Mente exp\u00f5e a verdade de que podemos escolher o que pensamos e aprender a ter pensamentos alinhados com a Palavra de Deus, &#8220;Pensamentos Poderosos&#8221; nos mostra como fazer isso. <br \/>\nPrepare-se por meio de doze estrat\u00e9gias que lhe dar\u00e3o o ant\u00eddoto contra cada batalha travada em sua mente. <br \/>\nCom &#8220;Pensamentos Poderosos&#8221;, aprenda a controlar o seu modo de pensar para afetar positivamente cada \u00e1rea de sua vida!<\/p>\n","protected":false},"excerpt":{"rendered":"<p>Em &#8220;Pensamentos Poderosos&#8221;, Joyce nos leva ao pr\u00f3ximo n\u00edvel na batalha para vencermos os pensamentos negativos.Esta sequ\u00eancia do livro Campo&hellip;<\/p>\n","protected":false},"featured_media":339417,"comment_status":"open","ping_status":"closed","template":"","meta":[],"product_cat":[134,170],"product_tag":[],"_links":{"self":[{"href":"https:\/\/www.livrariarema.com.br\/loja\/wp-json\/wp\/v2\/product\/48323"}],"collection":[{"href":"https:\/\/www.livrariarema.com.br\/loja\/wp-json\/wp\/v2\/product"}],"about":[{"href":"https:\/\/www.livrariarema.com.br\/loja\/wp-json\/wp\/v2\/types\/product"}],"replies":[{"embeddable":true,"href":"https:\/\/www.livrariarema.com.br\/loja\/wp-json\/wp\/v2\/comments?post=48323"}],"wp:featuredmedia":[{"embeddable":true,"href":"https:\/\/www.livrariarema.com.br\/loja\/wp-json\/wp\/v2\/media\/339417"}],"wp:attachment":[{"href":"https:\/\/www.livrariarema.com.br\/loja\/wp-json\/wp\/v2\/media?parent=48323"}],"wp:term":[{"taxonomy":"product_cat","embeddable":true,"href":"https:\/\/www.livrariarema.com.br\/loja\/wp-json\/wp\/v2\/product_cat?post=48323"},{"taxonomy":"product_tag","embeddable":true,"href":"https:\/\/www.livrariarema.com.br\/loja\/wp-json\/wp\/v2\/product_tag?post=48323"}],"curies":[{"name":"wp","href":"https:\/\/api.w.org\/{rel}","templated":true}]}}