{"id":48335,"date":"2021-01-21T14:25:47","date_gmt":"2021-01-21T17:25:47","guid":{"rendered":"https:\/\/www.livrariarema.com.br\/loja\/produtos\/sem%20categoria\/genovieva-samuel-grandjean\/"},"modified":"2025-10-22T16:42:48","modified_gmt":"2025-10-22T19:42:48","slug":"genovieva-samuel-grandjean","status":"publish","type":"product","link":"https:\/\/www.livrariarema.com.br\/loja\/produtos\/livros\/adolescente\/genovieva-samuel-grandjean\/","title":{"rendered":"Genovieva &#8211; Samuel Grandjean"},"content":{"rendered":"<p>Genovieva \u00e9 uma garota romena cheia de sonhos! Sua fam\u00edlia era crist\u00e3 e na \u00e9poca mais dif\u00edcil do per\u00edodo Comunista, com persegui\u00e7\u00f5es aos crist\u00e3os, a vida n\u00e3o foi nada f\u00e1cil para ela. N\u00e3o podemos dizer que ela &#8220;nasceu no pa\u00eds errado&#8221;! Pois isto seria querer ser mais s\u00e1bio do que o pr\u00f3prio Deus. Ele \u00e9 quem sabe aonde cada um de n\u00f3s vai nascer e crescer e \u00e9 Ele que, l\u00e1 do c\u00e9u, toma conta de nossas vidas. As muitas aventuras de Genovieva mostram como Deus toma conta daqueles que o amam.<\/p>\n<p>SOBRE A S\u00c9RIE HIST\u00d3RIAS VERDADEIRAS<br \/>\nLivros que mostram o amor e o poder de Deus transformando a vida e a situa\u00e7\u00e3o de crian\u00e7as &#8220;sem futuro&#8221; dando-lhes um futuro aben\u00e7oado que jamais imaginariam. N\u00e3o s\u00e3o est\u00f3rias imagin\u00e1rias. S\u00e3o hist\u00f3rias reais e verdadeiras!<\/p>\n","protected":false},"excerpt":{"rendered":"<p>Genovieva \u00e9 uma garota romena cheia de sonhos! Sua fam\u00edlia era crist\u00e3 e na \u00e9poca mais dif\u00edcil do per\u00edodo Comunista,&hellip;<\/p>\n","protected":false},"featured_media":315957,"comment_status":"open","ping_status":"closed","template":"","meta":[],"product_cat":[186,134],"product_tag":[],"_links":{"self":[{"href":"https:\/\/www.livrariarema.com.br\/loja\/wp-json\/wp\/v2\/product\/48335"}],"collection":[{"href":"https:\/\/www.livrariarema.com.br\/loja\/wp-json\/wp\/v2\/product"}],"about":[{"href":"https:\/\/www.livrariarema.com.br\/loja\/wp-json\/wp\/v2\/types\/product"}],"replies":[{"embeddable":true,"href":"https:\/\/www.livrariarema.com.br\/loja\/wp-json\/wp\/v2\/comments?post=48335"}],"wp:featuredmedia":[{"embeddable":true,"href":"https:\/\/www.livrariarema.com.br\/loja\/wp-json\/wp\/v2\/media\/315957"}],"wp:attachment":[{"href":"https:\/\/www.livrariarema.com.br\/loja\/wp-json\/wp\/v2\/media?parent=48335"}],"wp:term":[{"taxonomy":"product_cat","embeddable":true,"href":"https:\/\/www.livrariarema.com.br\/loja\/wp-json\/wp\/v2\/product_cat?post=48335"},{"taxonomy":"product_tag","embeddable":true,"href":"https:\/\/www.livrariarema.com.br\/loja\/wp-json\/wp\/v2\/product_tag?post=48335"}],"curies":[{"name":"wp","href":"https:\/\/api.w.org\/{rel}","templated":true}]}}