{"id":48344,"date":"2021-01-21T14:26:02","date_gmt":"2021-01-21T17:26:02","guid":{"rendered":"https:\/\/www.livrariarema.com.br\/loja\/produtos\/sem%20categoria\/licoes-do-novo-testamento-vida-de-cristo-vol-1-cartazes\/"},"modified":"2025-08-09T11:40:36","modified_gmt":"2025-08-09T14:40:36","slug":"licoes-do-novo-testamento-vida-de-cristo-vol-1-cartazes","status":"publish","type":"product","link":"https:\/\/www.livrariarema.com.br\/loja\/produtos\/diversos\/flanelografo-e-cartazes\/licoes-do-novo-testamento-vida-de-cristo-vol-1-cartazes\/","title":{"rendered":"Li\u00e7\u00f5es Do Novo Testamento &#8211; Vida De Cristo Vol. 1 &#8211; Cartazes"},"content":{"rendered":"<p>Planos de aulas completos para ajudar as crian\u00e7as a conhecerem que Jesus Cristo \u00e9 o Filho de Deus; o \u00fanico Salvador do pecado; que Ele nasceu rei; foi uma crian\u00e7a especial; foi tentado mas nunca pecou e que Ele nos chama para sermos seus discipulos.<\/p>\n<p>6 Li\u00e7\u00f5es sobre a vida de Cristo para crian\u00e7as de 5 a 12 anos:<br \/>\n1. Anjos anunciam o nascimento de Jesus<br \/>\n2. Os pastores ouvem acerca do Salvador<br \/>\n3. Os s\u00e1bios adoram o Rei<br \/>\n4. Jesus crian\u00e7a no templo<br \/>\n5. O batismo e a tenta\u00e7\u00e3o de Jesus<br \/>\n6. Jesus chama os discipulos<\/p>\n<p>Nas publica\u00e7\u00f5es anteriores, essas li\u00e7\u00f5es eram as 6 primeiras hist\u00f3rias do volume 1. <\/p>\n<p>Inclui:<br \/>\nFiguras em Cartazes<br \/>\nLivro Roteiro<br \/>\nPartitura de M\u00fasicas<\/p>\n","protected":false},"excerpt":{"rendered":"<p>Planos de aulas completos para ajudar as crian\u00e7as a conhecerem que Jesus Cristo \u00e9 o Filho de Deus; o \u00fanico&hellip;<\/p>\n","protected":false},"featured_media":307931,"comment_status":"open","ping_status":"closed","template":"","meta":[],"product_cat":[132,133],"product_tag":[],"_links":{"self":[{"href":"https:\/\/www.livrariarema.com.br\/loja\/wp-json\/wp\/v2\/product\/48344"}],"collection":[{"href":"https:\/\/www.livrariarema.com.br\/loja\/wp-json\/wp\/v2\/product"}],"about":[{"href":"https:\/\/www.livrariarema.com.br\/loja\/wp-json\/wp\/v2\/types\/product"}],"replies":[{"embeddable":true,"href":"https:\/\/www.livrariarema.com.br\/loja\/wp-json\/wp\/v2\/comments?post=48344"}],"wp:featuredmedia":[{"embeddable":true,"href":"https:\/\/www.livrariarema.com.br\/loja\/wp-json\/wp\/v2\/media\/307931"}],"wp:attachment":[{"href":"https:\/\/www.livrariarema.com.br\/loja\/wp-json\/wp\/v2\/media?parent=48344"}],"wp:term":[{"taxonomy":"product_cat","embeddable":true,"href":"https:\/\/www.livrariarema.com.br\/loja\/wp-json\/wp\/v2\/product_cat?post=48344"},{"taxonomy":"product_tag","embeddable":true,"href":"https:\/\/www.livrariarema.com.br\/loja\/wp-json\/wp\/v2\/product_tag?post=48344"}],"curies":[{"name":"wp","href":"https:\/\/api.w.org\/{rel}","templated":true}]}}