{"id":48359,"date":"2021-01-21T14:26:26","date_gmt":"2021-01-21T17:26:26","guid":{"rendered":"https:\/\/www.livrariarema.com.br\/loja\/produtos\/sem%20categoria\/licoes-para-pre-escolares-recorte-pinte-cole-e-crie-novo-testamento\/"},"modified":"2025-03-01T11:33:24","modified_gmt":"2025-03-01T14:33:24","slug":"licoes-para-pre-escolares-recorte-pinte-cole-e-crie-novo-testamento","status":"publish","type":"product","link":"https:\/\/www.livrariarema.com.br\/loja\/produtos\/livros\/didatico\/licoes-para-pre-escolares-recorte-pinte-cole-e-crie-novo-testamento\/","title":{"rendered":"Li\u00e7\u00f5es Para Pr\u00e9 Escolares &#8211; Recorte, Pinte, Cole E Crie &#8211; Novo Testamento"},"content":{"rendered":"<p>Voc\u00ea sabe que nos lembramos de mais de 80% do que ouvimos, vemos e fazemos? Por esta raz\u00e3o, quando transmitimos uma li\u00e7\u00e3o b\u00edblica a Pr\u00e9-escolares, faz sentido refor\u00e7armos o que foi ensinado. Isso pode ser feito de maneiras diferentes &#8211; e uma delas \u00e9 por meio de artesanato.<\/p>\n<p>Os moldes deste livro foram concebidos para ajudar nesse sentido. As ideias de &#8220;Recorte, Pinte, Cole &amp; Crie!&#8221; aqui apresentadas foram preparadas para complementar as li\u00e7\u00f5es da APEC extra\u00eddas extra\u00eddas de alguns dos livros do Novo Testamento. [Nascimento de Jesus,  Milagres, Par\u00e1bolas, Zaqueu, Ressurrei\u00e7\u00e3o, Paulo e Silas, e muito mais]<\/p>\n<p>Desejamos a voc\u00ea muita alegria ao recortar, pintar, colar e criar! E mais ainda, que voc\u00ea tenha a alegria de conduzir seus pequeninos ao encontro do Salvador Jesus.<\/p>\n","protected":false},"excerpt":{"rendered":"<p>Voc\u00ea sabe que nos lembramos de mais de 80% do que ouvimos, vemos e fazemos? Por esta raz\u00e3o, quando transmitimos&hellip;<\/p>\n","protected":false},"featured_media":253024,"comment_status":"open","ping_status":"closed","template":"","meta":[],"product_cat":[185,134],"product_tag":[],"_links":{"self":[{"href":"https:\/\/www.livrariarema.com.br\/loja\/wp-json\/wp\/v2\/product\/48359"}],"collection":[{"href":"https:\/\/www.livrariarema.com.br\/loja\/wp-json\/wp\/v2\/product"}],"about":[{"href":"https:\/\/www.livrariarema.com.br\/loja\/wp-json\/wp\/v2\/types\/product"}],"replies":[{"embeddable":true,"href":"https:\/\/www.livrariarema.com.br\/loja\/wp-json\/wp\/v2\/comments?post=48359"}],"wp:featuredmedia":[{"embeddable":true,"href":"https:\/\/www.livrariarema.com.br\/loja\/wp-json\/wp\/v2\/media\/253024"}],"wp:attachment":[{"href":"https:\/\/www.livrariarema.com.br\/loja\/wp-json\/wp\/v2\/media?parent=48359"}],"wp:term":[{"taxonomy":"product_cat","embeddable":true,"href":"https:\/\/www.livrariarema.com.br\/loja\/wp-json\/wp\/v2\/product_cat?post=48359"},{"taxonomy":"product_tag","embeddable":true,"href":"https:\/\/www.livrariarema.com.br\/loja\/wp-json\/wp\/v2\/product_tag?post=48359"}],"curies":[{"name":"wp","href":"https:\/\/api.w.org\/{rel}","templated":true}]}}