{"id":48371,"date":"2021-01-21T14:26:48","date_gmt":"2021-01-21T17:26:48","guid":{"rendered":"https:\/\/www.livrariarema.com.br\/loja\/produtos\/sem%20categoria\/comentarios-expositivos-joao-hernandes-dias-lopes\/"},"modified":"2026-03-20T16:19:27","modified_gmt":"2026-03-20T19:19:27","slug":"comentarios-expositivos-joao-hernandes-dias-lopes","status":"publish","type":"product","link":"https:\/\/www.livrariarema.com.br\/loja\/produtos\/livros\/comentario-biblico\/comentarios-expositivos-joao-hernandes-dias-lopes\/","title":{"rendered":"Coment\u00e1rios Expositivos &#8211; Jo\u00e3o &#8211; Hernandes Dias Lopes"},"content":{"rendered":"<p>O evangelho de Jo\u00e3o \u00e9 um reservat\u00f3rio inesgot\u00e1vel de onde jorra abundantemente o conhecimento de Jesus. Foi escrito para conhecer aquele que se apresentou como o p\u00e3o da vida; a luz do mundo; a porta; o bom pastor; o caminho, e a verdade, e a vida; a ressurrei\u00e7\u00e3o e a vida; e, a videira verdadeira. Aqui, sete milagres s\u00e3o registrados para confi rmar a divindade de Jesus Cristo. Ele transformou \u00e1gua em vinho, curou o ofi cial do rei, levantou o paral\u00edtico de Betesda, multiplicou p\u00e3es e peixes, acalmou a tempestade, curou em cego de nascen\u00e7a e ressuscitou L\u00e1zaro. <\/p>\n<p>Diante dessas evid\u00eancias irrefut\u00e1veis, s\u00f3 nos restam tr\u00eas op\u00e7\u00f5es: Ou Jesus \u00e9 um mentiroso, pois afi rmou ser quem n\u00e3o \u00e9; ou ele \u00e9 um lun\u00e1tico, pois pensou ser quem n\u00e3o \u00e9; ou, ent\u00e3o, ele \u00e9 o Filho de Deus. Para provar que Jesus \u00e9 o Filho de Deus, e que s\u00f3 nele temos a vida eterna, \u00e9 que este evangelho foi escrito. Sacie sua alma nessa fonte bendita! Boa leitura!<\/p>\n","protected":false},"excerpt":{"rendered":"<p>O evangelho de Jo\u00e3o \u00e9 um reservat\u00f3rio inesgot\u00e1vel de onde jorra abundantemente o conhecimento de Jesus. Foi escrito para conhecer&hellip;<\/p>\n","protected":false},"featured_media":346414,"comment_status":"open","ping_status":"closed","template":"","meta":[],"product_cat":[164,134],"product_tag":[],"_links":{"self":[{"href":"https:\/\/www.livrariarema.com.br\/loja\/wp-json\/wp\/v2\/product\/48371"}],"collection":[{"href":"https:\/\/www.livrariarema.com.br\/loja\/wp-json\/wp\/v2\/product"}],"about":[{"href":"https:\/\/www.livrariarema.com.br\/loja\/wp-json\/wp\/v2\/types\/product"}],"replies":[{"embeddable":true,"href":"https:\/\/www.livrariarema.com.br\/loja\/wp-json\/wp\/v2\/comments?post=48371"}],"wp:featuredmedia":[{"embeddable":true,"href":"https:\/\/www.livrariarema.com.br\/loja\/wp-json\/wp\/v2\/media\/346414"}],"wp:attachment":[{"href":"https:\/\/www.livrariarema.com.br\/loja\/wp-json\/wp\/v2\/media?parent=48371"}],"wp:term":[{"taxonomy":"product_cat","embeddable":true,"href":"https:\/\/www.livrariarema.com.br\/loja\/wp-json\/wp\/v2\/product_cat?post=48371"},{"taxonomy":"product_tag","embeddable":true,"href":"https:\/\/www.livrariarema.com.br\/loja\/wp-json\/wp\/v2\/product_tag?post=48371"}],"curies":[{"name":"wp","href":"https:\/\/api.w.org\/{rel}","templated":true}]}}