{"id":48461,"date":"2021-01-21T14:29:29","date_gmt":"2021-01-21T17:29:29","guid":{"rendered":"https:\/\/www.livrariarema.com.br\/loja\/produtos\/sem%20categoria\/vivendo-sem-mascaras-charles-swindoll\/"},"modified":"2025-11-27T11:15:46","modified_gmt":"2025-11-27T14:15:46","slug":"vivendo-sem-mascaras-charles-swindoll","status":"publish","type":"product","link":"https:\/\/www.livrariarema.com.br\/loja\/produtos\/livros\/vida-crista\/vivendo-sem-mascaras-charles-swindoll\/","title":{"rendered":"Vivendo Sem M\u00e1scaras &#8211; Charles Swindoll"},"content":{"rendered":"<p>A sobreviv\u00eancia social dentro e fora da igreja fica, aparentemente, bem mais f\u00e1cil quando usamos m\u00e1scaras que escondem quem na verdade somos. Sentimo-nos mais seguros projetando uma imagem de vigor espiritual, de santidade, de perfeito controle da situa\u00e7\u00e3o. O problema \u00e9 que por tr\u00e1s de nossas m\u00e1scaras, da imagem que procuramos projetar, sentimo-nos solit\u00e1rios, efetivamente distanciados e isolados das pessoas a quem mais amamos e cuja aceita\u00e7\u00e3o e perd\u00e3o s\u00e3o t\u00e3o importantes para n\u00f3s. Neste livro, Charles Swindoll trata de uma das mais marcantes necessidades de nossa \u00e9poca: a de termos relacionamentos abertos, sinceros e significativos.<\/p>\n","protected":false},"excerpt":{"rendered":"<p>A sobreviv\u00eancia social dentro e fora da igreja fica, aparentemente, bem mais f\u00e1cil quando usamos m\u00e1scaras que escondem quem na&hellip;<\/p>\n","protected":false},"featured_media":341581,"comment_status":"open","ping_status":"closed","template":"","meta":[],"product_cat":[134,137],"product_tag":[],"_links":{"self":[{"href":"https:\/\/www.livrariarema.com.br\/loja\/wp-json\/wp\/v2\/product\/48461"}],"collection":[{"href":"https:\/\/www.livrariarema.com.br\/loja\/wp-json\/wp\/v2\/product"}],"about":[{"href":"https:\/\/www.livrariarema.com.br\/loja\/wp-json\/wp\/v2\/types\/product"}],"replies":[{"embeddable":true,"href":"https:\/\/www.livrariarema.com.br\/loja\/wp-json\/wp\/v2\/comments?post=48461"}],"wp:featuredmedia":[{"embeddable":true,"href":"https:\/\/www.livrariarema.com.br\/loja\/wp-json\/wp\/v2\/media\/341581"}],"wp:attachment":[{"href":"https:\/\/www.livrariarema.com.br\/loja\/wp-json\/wp\/v2\/media?parent=48461"}],"wp:term":[{"taxonomy":"product_cat","embeddable":true,"href":"https:\/\/www.livrariarema.com.br\/loja\/wp-json\/wp\/v2\/product_cat?post=48461"},{"taxonomy":"product_tag","embeddable":true,"href":"https:\/\/www.livrariarema.com.br\/loja\/wp-json\/wp\/v2\/product_tag?post=48461"}],"curies":[{"name":"wp","href":"https:\/\/api.w.org\/{rel}","templated":true}]}}