{"id":48492,"date":"2021-01-21T14:30:27","date_gmt":"2021-01-21T17:30:27","guid":{"rendered":"https:\/\/www.livrariarema.com.br\/loja\/produtos\/sem%20categoria\/beleza-em-vez-de-cinzas-joyce-meyer\/"},"modified":"2026-03-07T10:51:11","modified_gmt":"2026-03-07T13:51:11","slug":"beleza-em-vez-de-cinzas-joyce-meyer","status":"publish","type":"product","link":"https:\/\/www.livrariarema.com.br\/loja\/produtos\/livros\/biografia\/beleza-em-vez-de-cinzas-joyce-meyer\/","title":{"rendered":"Beleza Em Vez De Cinzas &#8211; Joyce Meyer"},"content":{"rendered":"<p>N\u00e3o importa qual fogo de adversidade tem atuado em sua vida, voc\u00ea tamb\u00e9m, pode receber beleza no lugar de suas cinzas! Adquira uma maior compreens\u00e3o desta mensagem atrav\u00e9s de notas de estudo de Joyce! \u00c9 tempo de fazer uma grande troca&#8230; \u00e9 tempo de entregar a Deus suas dores e feridas e deix\u00e1-Lo dar a voc\u00ea a cura e restaura\u00e7\u00e3o que sua alma anseia e \u00e9 direito seu atrav\u00e9s de Jesus Cristo. Descubra como receber a beleza de Deus para suas cinzas.<\/p>\n","protected":false},"excerpt":{"rendered":"<p>N\u00e3o importa qual fogo de adversidade tem atuado em sua vida, voc\u00ea tamb\u00e9m, pode receber beleza no lugar de suas&hellip;<\/p>\n","protected":false},"featured_media":332986,"comment_status":"open","ping_status":"closed","template":"","meta":[],"product_cat":[181,134],"product_tag":[],"_links":{"self":[{"href":"https:\/\/www.livrariarema.com.br\/loja\/wp-json\/wp\/v2\/product\/48492"}],"collection":[{"href":"https:\/\/www.livrariarema.com.br\/loja\/wp-json\/wp\/v2\/product"}],"about":[{"href":"https:\/\/www.livrariarema.com.br\/loja\/wp-json\/wp\/v2\/types\/product"}],"replies":[{"embeddable":true,"href":"https:\/\/www.livrariarema.com.br\/loja\/wp-json\/wp\/v2\/comments?post=48492"}],"wp:featuredmedia":[{"embeddable":true,"href":"https:\/\/www.livrariarema.com.br\/loja\/wp-json\/wp\/v2\/media\/332986"}],"wp:attachment":[{"href":"https:\/\/www.livrariarema.com.br\/loja\/wp-json\/wp\/v2\/media?parent=48492"}],"wp:term":[{"taxonomy":"product_cat","embeddable":true,"href":"https:\/\/www.livrariarema.com.br\/loja\/wp-json\/wp\/v2\/product_cat?post=48492"},{"taxonomy":"product_tag","embeddable":true,"href":"https:\/\/www.livrariarema.com.br\/loja\/wp-json\/wp\/v2\/product_tag?post=48492"}],"curies":[{"name":"wp","href":"https:\/\/api.w.org\/{rel}","templated":true}]}}