{"id":48498,"date":"2021-01-21T14:30:39","date_gmt":"2021-01-21T17:30:39","guid":{"rendered":"https:\/\/www.livrariarema.com.br\/loja\/produtos\/sem%20categoria\/formacao-de-um-lider-a-joyce-meyer\/"},"modified":"2026-02-19T12:35:41","modified_gmt":"2026-02-19T15:35:41","slug":"formacao-de-um-lider-a-joyce-meyer","status":"publish","type":"product","link":"https:\/\/www.livrariarema.com.br\/loja\/produtos\/livros\/lideranca\/formacao-de-um-lider-a-joyce-meyer\/","title":{"rendered":"Forma\u00e7\u00e3o De Um L\u00edder, A &#8211; Joyce Meyer"},"content":{"rendered":"<p>Alguns se tornam l\u00edderes porque possuem qualidades inatas de lideran\u00e7a. Outros, que n\u00e3o as possuem, v\u00eam a ser excelentes l\u00edderes mediante treinamento espec\u00edfico. Contudo, mesmo os l\u00edderes natos precisam de aperfei\u00e7oamento, pois ningu\u00e9m nas\u00acce totalmente preparado para tal incumb\u00eancia.<\/p>\n<p>Deus me chamou para o minist\u00e9rio h\u00e1 muitos anos, mas n\u00e3o foi da noite para o dia que me encontrei realmente preparada para assumir uma posi\u00e7\u00e3o de lideran\u00e7a. Tamb\u00e9m n\u00e3o foi apenas uma quest\u00e3o de semanas para chegar ao topo da lideran\u00e7a.<\/p>\n<p>Cheguei a pensar que j\u00e1 estivesse pronta, mas, na verdade, n\u00e3o estava. O problema era que o fruto do Esp\u00edrito n\u00e3o era vis\u00edvel em minha vida1 nem evidente em meu car\u00e1ter. Eu n\u00e3o demonstrava possuir estabilidade, fidelidade, paci\u00eancia, alegria, amor, bondade, genti\u00acleza nem mansid\u00e3o.<\/p>\n<p>Quanto \u00e0 humildade, era ainda pior: eu n\u00e3o tinha absolutamente nenhuma. <\/p>\n","protected":false},"excerpt":{"rendered":"<p>Alguns se tornam l\u00edderes porque possuem qualidades inatas de lideran\u00e7a. Outros, que n\u00e3o as possuem, v\u00eam a ser excelentes l\u00edderes&hellip;<\/p>\n","protected":false},"featured_media":339416,"comment_status":"open","ping_status":"closed","template":"","meta":[],"product_cat":[153,134],"product_tag":[],"_links":{"self":[{"href":"https:\/\/www.livrariarema.com.br\/loja\/wp-json\/wp\/v2\/product\/48498"}],"collection":[{"href":"https:\/\/www.livrariarema.com.br\/loja\/wp-json\/wp\/v2\/product"}],"about":[{"href":"https:\/\/www.livrariarema.com.br\/loja\/wp-json\/wp\/v2\/types\/product"}],"replies":[{"embeddable":true,"href":"https:\/\/www.livrariarema.com.br\/loja\/wp-json\/wp\/v2\/comments?post=48498"}],"wp:featuredmedia":[{"embeddable":true,"href":"https:\/\/www.livrariarema.com.br\/loja\/wp-json\/wp\/v2\/media\/339416"}],"wp:attachment":[{"href":"https:\/\/www.livrariarema.com.br\/loja\/wp-json\/wp\/v2\/media?parent=48498"}],"wp:term":[{"taxonomy":"product_cat","embeddable":true,"href":"https:\/\/www.livrariarema.com.br\/loja\/wp-json\/wp\/v2\/product_cat?post=48498"},{"taxonomy":"product_tag","embeddable":true,"href":"https:\/\/www.livrariarema.com.br\/loja\/wp-json\/wp\/v2\/product_tag?post=48498"}],"curies":[{"name":"wp","href":"https:\/\/api.w.org\/{rel}","templated":true}]}}