{"id":48643,"date":"2021-01-21T14:34:48","date_gmt":"2021-01-21T17:34:48","guid":{"rendered":"https:\/\/www.livrariarema.com.br\/loja\/produtos\/sem%20categoria\/ea983hpi2-antigo-testamento-interlinear-hebraico-portugues-vol-2\/"},"modified":"2025-09-29T14:50:28","modified_gmt":"2025-09-29T17:50:28","slug":"ea983hpi2-antigo-testamento-interlinear-hebraico-portugues-vol-2","status":"publish","type":"product","link":"https:\/\/www.livrariarema.com.br\/loja\/produtos\/biblias\/outros-idiomas\/ea983hpi2-antigo-testamento-interlinear-hebraico-portugues-vol-2\/","title":{"rendered":"Ea983hpi2 &#8211; Antigo Testamento Interlinear Hebraico-Portugues &#8211; Vol. 2"},"content":{"rendered":"<p>Esta publica\u00e7\u00e3o \u00e9 o segundo volume da edi\u00e7\u00e3o interlinear do Antigo Testamento, que re\u00fane os textos dos livros dos Profetas Anteriores: Josu\u00e9, Ju\u00edzes, 1 e 2 Samuel e 1 e 2 Reis.<\/p>\n<p>O Antigo Testamento Interlinear (ATI) procura traduzir, literalmente, cada palavra e cada express\u00e3o do texto hebraico para o portugu\u00eas, seguindo seu sentido original. O texto base do ATI \u00e9 a Biblia Hebraica Stuttgartensia (BHS). Al\u00e9m da tradu\u00e7\u00e3o literal, de autoria do doutor em l\u00edngua Hebraica, Edson de Faria Francisco, a publica\u00e7\u00e3o apresenta outras duas tradu\u00e7\u00f5es em portugu\u00eas: uma de equival\u00eancia formal, a Almeida Revista e Atualizada (RA), e uma de equival\u00eancia din\u00e2mica, a Nova Tradu\u00e7\u00e3o na Linguagem de Hoje (NTLH).<\/p>\n<p>Seguindo a sequ\u00eancia adotada da BHS, ainda ser\u00e3o publicados mais dois volumes, que reunir\u00e3o os livros dos Profetas Posteriores e Escritos.<\/p>\n<p>Esta edi\u00e7\u00e3o interlinear da B\u00edblia pode ser utilizada nos estudos acad\u00eamicos, na elabora\u00e7\u00e3o de estudos religiosos e na prepara\u00e7\u00e3o de prega\u00e7\u00f5es.<\/p>\n<p><b>Recursos:<\/b><\/p>\n<p>&#8211; Volume 2: Profetas Anteriores (Js, Jz, 1 e 2Sm e 1 e 2Rs)<br \/>\n&#8211; Textos b\u00edblicos em portugu\u00eas: Almeida Revista e Atualizada e Nova Tradu\u00e7\u00e3o na Linguagem de Hoje<br \/>\n&#8211; Texto hebraico: Biblia Hebraica Stuttgartensia<br \/>\n&#8211; Tradu\u00e7\u00e3o literal do hebraico, por Edson de Faria Francisco<br \/>\n&#8211; A l\u00edngua hebraica do Antigo Testamento<br \/>\n&#8211; Dificuldades textuais<\/p>\n","protected":false},"excerpt":{"rendered":"<p>Esta publica\u00e7\u00e3o \u00e9 o segundo volume da edi\u00e7\u00e3o interlinear do Antigo Testamento, que re\u00fane os textos dos livros dos Profetas&hellip;<\/p>\n","protected":false},"featured_media":338301,"comment_status":"open","ping_status":"closed","template":"","meta":[],"product_cat":[139,141],"product_tag":[],"_links":{"self":[{"href":"https:\/\/www.livrariarema.com.br\/loja\/wp-json\/wp\/v2\/product\/48643"}],"collection":[{"href":"https:\/\/www.livrariarema.com.br\/loja\/wp-json\/wp\/v2\/product"}],"about":[{"href":"https:\/\/www.livrariarema.com.br\/loja\/wp-json\/wp\/v2\/types\/product"}],"replies":[{"embeddable":true,"href":"https:\/\/www.livrariarema.com.br\/loja\/wp-json\/wp\/v2\/comments?post=48643"}],"wp:featuredmedia":[{"embeddable":true,"href":"https:\/\/www.livrariarema.com.br\/loja\/wp-json\/wp\/v2\/media\/338301"}],"wp:attachment":[{"href":"https:\/\/www.livrariarema.com.br\/loja\/wp-json\/wp\/v2\/media?parent=48643"}],"wp:term":[{"taxonomy":"product_cat","embeddable":true,"href":"https:\/\/www.livrariarema.com.br\/loja\/wp-json\/wp\/v2\/product_cat?post=48643"},{"taxonomy":"product_tag","embeddable":true,"href":"https:\/\/www.livrariarema.com.br\/loja\/wp-json\/wp\/v2\/product_tag?post=48643"}],"curies":[{"name":"wp","href":"https:\/\/api.w.org\/{rel}","templated":true}]}}