{"id":48709,"date":"2021-01-21T14:36:41","date_gmt":"2021-01-21T17:36:41","guid":{"rendered":"https:\/\/www.livrariarema.com.br\/loja\/produtos\/sem%20categoria\/atrevi-me-a-chamar-lhe-pai-bilquis-sheikh-richard-schneider\/"},"modified":"2026-03-26T12:40:29","modified_gmt":"2026-03-26T15:40:29","slug":"atrevi-me-a-chamar-lhe-pai-bilquis-sheikh-richard-schneider","status":"publish","type":"product","link":"https:\/\/www.livrariarema.com.br\/loja\/produtos\/livros\/biografia\/atrevi-me-a-chamar-lhe-pai-bilquis-sheikh-richard-schneider\/","title":{"rendered":"Atrevi-Me A Chamar-Lhe Pai &#8211; Bilquis Sheikh , Richard Schneider"},"content":{"rendered":"<p>Milagre no Paquist\u00e3o<\/p>\n<p>Quando o Esp\u00edrito Santo tocou esta orgulhosa mulher da nobreza mu\u00e7ulmana, as repercuss\u00f5es se fizeram sentir ao redor do mundo!<\/p>\n<p>Esta \u00e9 a hist\u00f3ria ver\u00eddica de Bilquis Sheikh, senhora mu\u00e7ulmana que repentina e dramaticamente sofre uma transforma\u00e7\u00e3o completa ao encontrar-se com Deus por interm\u00e9dio da leitura da B\u00edblia. Enfrenta, ent\u00e3o, amea\u00e7as de morte, perda da fam\u00edlia, da posi\u00e7\u00e3o social e \u00e9 for\u00e7ada a deixar sua terra natal. Tudo isso por procurar ser fiel ao seu Salvador!<\/p>\n<p>Pelos olhos da sra. Sheikh podemos ver o confronto entre cristianismo e islamismo e o tremendo abismo entre as duas culturas. E, num n\u00edvel ainda muito mais pessoal, descobrimos que o Esp\u00edrito Santo muda o cora\u00e7\u00e3o dos homens &#8211; at\u00e9 em circunst\u00e2ncias menos prov\u00e1veis.<\/p>\n<p>Nesta \u00e9poca de dificuldades, \u00e9 vital que os crist\u00e3os ocidentais compreendam qu\u00e3o dif\u00edcil \u00e9 ser crist\u00e3o em terras mu\u00e7ulmanas e, por isso mesmo, percebam a preciosa d\u00e1diva de adorar ao Senhor livremente.<\/p>\n","protected":false},"excerpt":{"rendered":"<p>Milagre no Paquist\u00e3o Quando o Esp\u00edrito Santo tocou esta orgulhosa mulher da nobreza mu\u00e7ulmana, as repercuss\u00f5es se fizeram sentir ao&hellip;<\/p>\n","protected":false},"featured_media":339188,"comment_status":"open","ping_status":"closed","template":"","meta":[],"product_cat":[181,134],"product_tag":[],"_links":{"self":[{"href":"https:\/\/www.livrariarema.com.br\/loja\/wp-json\/wp\/v2\/product\/48709"}],"collection":[{"href":"https:\/\/www.livrariarema.com.br\/loja\/wp-json\/wp\/v2\/product"}],"about":[{"href":"https:\/\/www.livrariarema.com.br\/loja\/wp-json\/wp\/v2\/types\/product"}],"replies":[{"embeddable":true,"href":"https:\/\/www.livrariarema.com.br\/loja\/wp-json\/wp\/v2\/comments?post=48709"}],"wp:featuredmedia":[{"embeddable":true,"href":"https:\/\/www.livrariarema.com.br\/loja\/wp-json\/wp\/v2\/media\/339188"}],"wp:attachment":[{"href":"https:\/\/www.livrariarema.com.br\/loja\/wp-json\/wp\/v2\/media?parent=48709"}],"wp:term":[{"taxonomy":"product_cat","embeddable":true,"href":"https:\/\/www.livrariarema.com.br\/loja\/wp-json\/wp\/v2\/product_cat?post=48709"},{"taxonomy":"product_tag","embeddable":true,"href":"https:\/\/www.livrariarema.com.br\/loja\/wp-json\/wp\/v2\/product_tag?post=48709"}],"curies":[{"name":"wp","href":"https:\/\/api.w.org\/{rel}","templated":true}]}}