{"id":48724,"date":"2021-01-21T14:37:05","date_gmt":"2021-01-21T17:37:05","guid":{"rendered":"https:\/\/www.livrariarema.com.br\/loja\/produtos\/sem%20categoria\/comecando-bem-o-seu-dia-joyce-meyer\/"},"modified":"2026-04-07T15:30:51","modified_gmt":"2026-04-07T18:30:51","slug":"comecando-bem-o-seu-dia-joyce-meyer","status":"publish","type":"product","link":"https:\/\/www.livrariarema.com.br\/loja\/produtos\/livros\/devocional\/comecando-bem-o-seu-dia-joyce-meyer\/","title":{"rendered":"Come\u00e7ando Bem O Seu Dia &#8211; Joyce Meyer"},"content":{"rendered":"<p>Come\u00e7ando Bem Seu Dia traz devocionais para cada manh\u00e3 do ano. S\u00e3o mensagens para cada novo dia onde a miseric\u00f3rdia de Deus se renova a cada manh\u00e3!<\/p>\n","protected":false},"excerpt":{"rendered":"<p>Come\u00e7ando Bem Seu Dia traz devocionais para cada manh\u00e3 do ano. S\u00e3o mensagens para cada novo dia onde a miseric\u00f3rdia&hellip;<\/p>\n","protected":false},"featured_media":342811,"comment_status":"open","ping_status":"closed","template":"","meta":[],"product_cat":[158,134],"product_tag":[],"_links":{"self":[{"href":"https:\/\/www.livrariarema.com.br\/loja\/wp-json\/wp\/v2\/product\/48724"}],"collection":[{"href":"https:\/\/www.livrariarema.com.br\/loja\/wp-json\/wp\/v2\/product"}],"about":[{"href":"https:\/\/www.livrariarema.com.br\/loja\/wp-json\/wp\/v2\/types\/product"}],"replies":[{"embeddable":true,"href":"https:\/\/www.livrariarema.com.br\/loja\/wp-json\/wp\/v2\/comments?post=48724"}],"wp:featuredmedia":[{"embeddable":true,"href":"https:\/\/www.livrariarema.com.br\/loja\/wp-json\/wp\/v2\/media\/342811"}],"wp:attachment":[{"href":"https:\/\/www.livrariarema.com.br\/loja\/wp-json\/wp\/v2\/media?parent=48724"}],"wp:term":[{"taxonomy":"product_cat","embeddable":true,"href":"https:\/\/www.livrariarema.com.br\/loja\/wp-json\/wp\/v2\/product_cat?post=48724"},{"taxonomy":"product_tag","embeddable":true,"href":"https:\/\/www.livrariarema.com.br\/loja\/wp-json\/wp\/v2\/product_tag?post=48724"}],"curies":[{"name":"wp","href":"https:\/\/api.w.org\/{rel}","templated":true}]}}