{"id":48783,"date":"2021-01-21T14:38:59","date_gmt":"2021-01-21T17:38:59","guid":{"rendered":"https:\/\/www.livrariarema.com.br\/loja\/produtos\/sem%20categoria\/faca-um-favor-a-si-mesmo-perdoe-joyce-meyer\/"},"modified":"2025-07-01T16:45:28","modified_gmt":"2025-07-01T19:45:28","slug":"faca-um-favor-a-si-mesmo-perdoe-joyce-meyer","status":"publish","type":"product","link":"https:\/\/www.livrariarema.com.br\/loja\/produtos\/livros\/motivacao\/faca-um-favor-a-si-mesmo-perdoe-joyce-meyer\/","title":{"rendered":"Fa\u00e7a Um Favor A Si Mesmo&#8230; Perdoe &#8211; Joyce Meyer"},"content":{"rendered":"<p>&#8220;Ficar irado com algu\u00e9m que o feriu \u00e9 como tomar veneno esperando que esse algu\u00e9m morra. A nossa recusa em perdoar fere mais a n\u00f3s mesmos do que a qualquer outra pessoa.&#8221;<br \/>\n&#8211; JOYCE MEYER<\/p>\n<p>Joyce Meyer traz ao leitor sua conhecida mensagem sobre renovar a mente para superar as quest\u00f5es dif\u00edceis da vida. Desta vez, ela aborda a mais destrutiva e trai\u00e7oeira de todas as emo\u00e7\u00f5es: a ira. Ela \u00e9 respons\u00e1vel por relacionamentos quebrados, noites de ins\u00f4nia, press\u00e3o alta e \u00falceras. Destr\u00f3i amizades, casamentos e fam\u00edlias, sem mencionar a paz de esp\u00edrito. A ira \u00e9 uma emo\u00e7\u00e3o dif\u00edcil de administrar, especialmente para muitos crist\u00e3os que aprenderam desde a inf\u00e2ncia que &#8220;bons crist\u00e3os n\u00e3o ficam irados&#8221;. Joyce explica que quando administramos adequadamente a raiva que sentimos, ela passa a ser apenas um sinal saud\u00e1vel de que alguma coisa est\u00e1 errada e precisa ser resolvida.<\/p>\n<p>Neste livro, Joice mergulha no problema, expondo as ra\u00edzes da ira, as formas de express\u00e3o da raiva, os resultados desastrosos de vivermos irados e,  finalmente, o processo do perd\u00e3o.<\/p>\n<p>POR QUE PERDOAR? Porque o perd\u00e3o \u00e9 a chave para a liberta\u00e7\u00e3o do terr\u00edvel caos que a ira traz sobre todas as \u00e1reas de nossa vida.<\/p>\n<p>COMO PERDOAR? Acredite se quiser, \u00e9 poss\u00edvel. Joyce apresenta um plano que podemos seguir para lidar com a ira e promover a cura verdadeira, tratando dos seguintes temas:<\/p>\n<p>o Desmascarar a ira da qual voc\u00ea n\u00e3o est\u00e1 sequer consciente<br \/>\no Como lidar com as pessoas iradas<br \/>\no Usos construtivos da ira<br \/>\no O poder do confronto que vem de Deus<br \/>\no A import\u00e2ncia de perdoar a si mesmo<br \/>\no Entender o papel de Deus no perd\u00e3o<br \/>\no Como deixar para l\u00e1&#8230; e deixar Deus agir<\/p>\n<p>Joyce entende que a vida n\u00e3o \u00e9 justa, mas, apesar disso, n\u00e3o temos de permitir que a raiva destrua nossa felicidade e nossa sa\u00fade.<\/p>\n<p>Ao utilizar este livro como um guia para confrontar e resolver qualquer sentimento de ira presente em sua vida, voc\u00ea descobrir\u00e1 que, com a ajuda de Deus, poder\u00e1 encontrar a verdadeira paz.<\/p>\n","protected":false},"excerpt":{"rendered":"<p>&#8220;Ficar irado com algu\u00e9m que o feriu \u00e9 como tomar veneno esperando que esse algu\u00e9m morra. A nossa recusa em&hellip;<\/p>\n","protected":false},"featured_media":332993,"comment_status":"open","ping_status":"closed","template":"","meta":[],"product_cat":[134,211],"product_tag":[],"_links":{"self":[{"href":"https:\/\/www.livrariarema.com.br\/loja\/wp-json\/wp\/v2\/product\/48783"}],"collection":[{"href":"https:\/\/www.livrariarema.com.br\/loja\/wp-json\/wp\/v2\/product"}],"about":[{"href":"https:\/\/www.livrariarema.com.br\/loja\/wp-json\/wp\/v2\/types\/product"}],"replies":[{"embeddable":true,"href":"https:\/\/www.livrariarema.com.br\/loja\/wp-json\/wp\/v2\/comments?post=48783"}],"wp:featuredmedia":[{"embeddable":true,"href":"https:\/\/www.livrariarema.com.br\/loja\/wp-json\/wp\/v2\/media\/332993"}],"wp:attachment":[{"href":"https:\/\/www.livrariarema.com.br\/loja\/wp-json\/wp\/v2\/media?parent=48783"}],"wp:term":[{"taxonomy":"product_cat","embeddable":true,"href":"https:\/\/www.livrariarema.com.br\/loja\/wp-json\/wp\/v2\/product_cat?post=48783"},{"taxonomy":"product_tag","embeddable":true,"href":"https:\/\/www.livrariarema.com.br\/loja\/wp-json\/wp\/v2\/product_tag?post=48783"}],"curies":[{"name":"wp","href":"https:\/\/api.w.org\/{rel}","templated":true}]}}