{"id":48788,"date":"2021-01-21T14:39:07","date_gmt":"2021-01-21T17:39:07","guid":{"rendered":"https:\/\/www.livrariarema.com.br\/loja\/produtos\/sem%20categoria\/deus-em-questao-c-s-lewis-e-freud-armand-m-nicholi-jr\/"},"modified":"2025-09-29T16:44:50","modified_gmt":"2025-09-29T19:44:50","slug":"deus-em-questao-c-s-lewis-e-freud-armand-m-nicholi-jr","status":"publish","type":"product","link":"https:\/\/www.livrariarema.com.br\/loja\/produtos\/livros\/apologetica\/deus-em-questao-c-s-lewis-e-freud-armand-m-nicholi-jr\/","title":{"rendered":"Deus Em Quest\u00e3o &#8211; C. S. Lewis E Freud &#8211; Armand M. Nicholi Jr."},"content":{"rendered":"<p>Grande parte dos maiores pensadores j\u00e1 se confrontou com a quest\u00e3o crucial de acreditar ou n\u00e3o em Deus. O s\u00e9culo 20 produziu dois homens que, de forma brilhante, cada qual \u00e0 sua maneira, levantaram novos argumentos &#8211; um, a favor e o outro, contra &#8211; sobre essa quest\u00e3o. <\/p>\n<p>Em Deus em Quest\u00e3o, os argumentos de C. S. Lewis e Sigmund Freud s\u00e3o postos lado a lado. Ambos refletiram cuidadosamente sobre os pontos fracos e as alternativas aos seus posicionamentos. Ambos consideraram o problema da dor e do sofrimento, a natureza do amor e do sexo, e o sentido \u00faltimo da vida e da morte. Depois de &#8220;assistirmos&#8221; a todo esse debate, podemos tomar os nossos lugares do lado que quisermos, num dos confrontos mais profundos da hist\u00f3ria.<\/p>\n<p>&#8220;Esta elegante e convincente compara\u00e7\u00e3o entre a vis\u00e3o de mundo de Freud e a de C. S. Lewis \u00e9 uma oportunidade de reflex\u00e3o dial\u00f3gica sobre as mais importantes quest\u00f5es que a humanidade sempre se fez: Deus existe? Ele se importa comigo? Este livro destina-se a todos que buscam, sinceramente, respostas sobre a verdade, o sentido da vida e a exist\u00eancia de Deus.&#8221;<br \/>\nFrancis Collins, diretor do Instituto Nacional de Pesquisas em Genoma Humano, EUA<\/p>\n<p>&#8220;Armand Nicholi acertou na mosca com essa hist\u00f3ria irresist\u00edvel e t\u00e3o bem contada sobre as duas \u00e2ncoras &#8211; e o dilema &#8211; do pensamento moderno. A partir da vida desses dois verdadeiros g\u00eanios, podemos identificar o nosso pr\u00f3prio desejo e busca.&#8221;<br \/>\nKen Burns, diretor do premiado document\u00e1rio The Civil War e do hist\u00f3rico Jazz, megass\u00e9rie apresentada no Brasil pelo canal GNT<\/p>\n<p>&#8220;Alguns livros s\u00e3o equilibrados, acad\u00eamicos e objetivos. Outros s\u00e3o desafiadores e comoventes e prendem a nossa aten\u00e7\u00e3o. Quando um livro consegue reunir tudo isso, torna-se simplesmente inesquec\u00edvel. Deus em Quest\u00e3o \u00e9 assim. \u00c9 t\u00e3o empolgante quanto um romance, com uma diferen\u00e7a: n\u00f3s escrevemos o final.&#8221; <br \/>\nPeter Kreeft, PhD, professor de filosofia do Boston College, autor de &#8220;Buscar Sentido no Sofrimento&#8221; (Edi\u00e7\u00f5es Loyola) e &#8220;O Di\u00e1logo&#8221; (Mundo Crist\u00e3o)<\/p>\n<p>&#8220;Assisti a algumas das aulas impressionantemente concorridas de Armand Nicholi em Harvard, que foram uma das experi\u00eancias mais gratificantes da minha vida. Depois de vinte e cinco anos de ensino e pesquisa sobre Freud e Lewis, o autor coloca o resultado \u00e0 disposi\u00e7\u00e3o de todos. Este livro mudar\u00e1 a sua vida.&#8221;<br \/>\nDr. Timothy Johnson, editor da \u00e1rea m\u00e9dica do ABC News<\/p>\n<p>&#8220;Deus em Quest\u00e3o \u00e9 profundo e fascinante. Quem procura o verdadeiro significado da vida precisa ler este maravilhoso livro.&#8221;<br \/>\nRalph Larson, presidente e diretor executivo da Johnson &amp; Johnson<\/p>\n","protected":false},"excerpt":{"rendered":"<p>Grande parte dos maiores pensadores j\u00e1 se confrontou com a quest\u00e3o crucial de acreditar ou n\u00e3o em Deus. O s\u00e9culo&hellip;<\/p>\n","protected":false},"featured_media":338742,"comment_status":"open","ping_status":"closed","template":"","meta":[],"product_cat":[156,134],"product_tag":[],"_links":{"self":[{"href":"https:\/\/www.livrariarema.com.br\/loja\/wp-json\/wp\/v2\/product\/48788"}],"collection":[{"href":"https:\/\/www.livrariarema.com.br\/loja\/wp-json\/wp\/v2\/product"}],"about":[{"href":"https:\/\/www.livrariarema.com.br\/loja\/wp-json\/wp\/v2\/types\/product"}],"replies":[{"embeddable":true,"href":"https:\/\/www.livrariarema.com.br\/loja\/wp-json\/wp\/v2\/comments?post=48788"}],"wp:featuredmedia":[{"embeddable":true,"href":"https:\/\/www.livrariarema.com.br\/loja\/wp-json\/wp\/v2\/media\/338742"}],"wp:attachment":[{"href":"https:\/\/www.livrariarema.com.br\/loja\/wp-json\/wp\/v2\/media?parent=48788"}],"wp:term":[{"taxonomy":"product_cat","embeddable":true,"href":"https:\/\/www.livrariarema.com.br\/loja\/wp-json\/wp\/v2\/product_cat?post=48788"},{"taxonomy":"product_tag","embeddable":true,"href":"https:\/\/www.livrariarema.com.br\/loja\/wp-json\/wp\/v2\/product_tag?post=48788"}],"curies":[{"name":"wp","href":"https:\/\/api.w.org\/{rel}","templated":true}]}}