{"id":48823,"date":"2021-01-21T14:40:08","date_gmt":"2021-01-21T17:40:08","guid":{"rendered":"https:\/\/www.livrariarema.com.br\/loja\/produtos\/sem%20categoria\/isca-de-satanas-a-armadilha-mortal-john-bevere\/"},"modified":"2026-03-23T13:43:00","modified_gmt":"2026-03-23T16:43:00","slug":"isca-de-satanas-a-armadilha-mortal-john-bevere","status":"publish","type":"product","link":"https:\/\/www.livrariarema.com.br\/loja\/produtos\/livros\/batalha-espiritual\/isca-de-satanas-a-armadilha-mortal-john-bevere\/","title":{"rendered":"Isca De Satan\u00e1s, A &#8211; Armadilha Mortal &#8211; John Bevere"},"content":{"rendered":"<p>A Isca de Satan\u00e1s desmascara a cilada mais enganosa que Satan\u00e1s usa para tirar voc\u00ea da vontade de Deus: a ofensa. Jesus disse: &#8220;\u00c9 inevit\u00e1vel que venham os esc\u00e2ndalos&#8221; (Lc 17.1). Entretanto, a maioria das pessoas capturadas pela isca de Satan\u00e1s nem mesmo se d\u00e1 conta de que isto aconteceu.<\/p>\n","protected":false},"excerpt":{"rendered":"<p>A Isca de Satan\u00e1s desmascara a cilada mais enganosa que Satan\u00e1s usa para tirar voc\u00ea da vontade de Deus: a&hellip;<\/p>\n","protected":false},"featured_media":340544,"comment_status":"open","ping_status":"closed","template":"","meta":[],"product_cat":[135,134],"product_tag":[],"_links":{"self":[{"href":"https:\/\/www.livrariarema.com.br\/loja\/wp-json\/wp\/v2\/product\/48823"}],"collection":[{"href":"https:\/\/www.livrariarema.com.br\/loja\/wp-json\/wp\/v2\/product"}],"about":[{"href":"https:\/\/www.livrariarema.com.br\/loja\/wp-json\/wp\/v2\/types\/product"}],"replies":[{"embeddable":true,"href":"https:\/\/www.livrariarema.com.br\/loja\/wp-json\/wp\/v2\/comments?post=48823"}],"wp:featuredmedia":[{"embeddable":true,"href":"https:\/\/www.livrariarema.com.br\/loja\/wp-json\/wp\/v2\/media\/340544"}],"wp:attachment":[{"href":"https:\/\/www.livrariarema.com.br\/loja\/wp-json\/wp\/v2\/media?parent=48823"}],"wp:term":[{"taxonomy":"product_cat","embeddable":true,"href":"https:\/\/www.livrariarema.com.br\/loja\/wp-json\/wp\/v2\/product_cat?post=48823"},{"taxonomy":"product_tag","embeddable":true,"href":"https:\/\/www.livrariarema.com.br\/loja\/wp-json\/wp\/v2\/product_tag?post=48823"}],"curies":[{"name":"wp","href":"https:\/\/api.w.org\/{rel}","templated":true}]}}