{"id":48892,"date":"2021-01-21T14:42:13","date_gmt":"2021-01-21T17:42:13","guid":{"rendered":"https:\/\/www.livrariarema.com.br\/loja\/produtos\/sem%20categoria\/homem-espiritual-o-vol-3-watchman-nee\/"},"modified":"2026-03-11T12:10:37","modified_gmt":"2026-03-11T15:10:37","slug":"homem-espiritual-o-vol-3-watchman-nee","status":"publish","type":"product","link":"https:\/\/www.livrariarema.com.br\/loja\/produtos\/livros\/crescimento-espiritual\/homem-espiritual-o-vol-3-watchman-nee\/","title":{"rendered":"Homem Espiritual, O &#8211; Vol. 3 &#8211; Watchman Nee"},"content":{"rendered":"<p>Watchman Nee tornou-se bastante conhecido dos crist\u00e3os brasileiros atrav\u00e9s de suas mensagens, que foram compiladas e agrupadas por assunto e publicadas na forma de livro. O Homem Espiritual, contudo, \u00e9 o \u00fanico livro que escreveu de pr\u00f3prio punho, e isso em meio a uma grave enfermidade por ele sofrida.<\/p>\n<p>Alguns temas abordados:<br \/>\n&#8211; Nossa mente, um campo de batalha contra esp\u00edritos malignos<br \/>\n&#8211; A mente renovada por Deus<br \/>\n&#8211; Como experimentar a vontade de Deus<br \/>\n&#8211; Como glorificar ao Senhor atrav\u00e9s do nosso corpo<br \/>\n&#8211; Doen\u00e7a e pecado<br \/>\n&#8211; Como exercitarmos nossa f\u00e9 na cura de enfermidades<\/p>\n<p>Leia este livro e aproprie-se de grandes verdades que t\u00eam trazido edifica\u00e7\u00e3o e liberta\u00e7\u00e3o aos filhos de Deus.<\/p>\n","protected":false},"excerpt":{"rendered":"<p>Watchman Nee tornou-se bastante conhecido dos crist\u00e3os brasileiros atrav\u00e9s de suas mensagens, que foram compiladas e agrupadas por assunto e&hellip;<\/p>\n","protected":false},"featured_media":330891,"comment_status":"open","ping_status":"closed","template":"","meta":[],"product_cat":[147,134],"product_tag":[],"_links":{"self":[{"href":"https:\/\/www.livrariarema.com.br\/loja\/wp-json\/wp\/v2\/product\/48892"}],"collection":[{"href":"https:\/\/www.livrariarema.com.br\/loja\/wp-json\/wp\/v2\/product"}],"about":[{"href":"https:\/\/www.livrariarema.com.br\/loja\/wp-json\/wp\/v2\/types\/product"}],"replies":[{"embeddable":true,"href":"https:\/\/www.livrariarema.com.br\/loja\/wp-json\/wp\/v2\/comments?post=48892"}],"wp:featuredmedia":[{"embeddable":true,"href":"https:\/\/www.livrariarema.com.br\/loja\/wp-json\/wp\/v2\/media\/330891"}],"wp:attachment":[{"href":"https:\/\/www.livrariarema.com.br\/loja\/wp-json\/wp\/v2\/media?parent=48892"}],"wp:term":[{"taxonomy":"product_cat","embeddable":true,"href":"https:\/\/www.livrariarema.com.br\/loja\/wp-json\/wp\/v2\/product_cat?post=48892"},{"taxonomy":"product_tag","embeddable":true,"href":"https:\/\/www.livrariarema.com.br\/loja\/wp-json\/wp\/v2\/product_tag?post=48892"}],"curies":[{"name":"wp","href":"https:\/\/api.w.org\/{rel}","templated":true}]}}