{"id":48907,"date":"2021-01-21T14:42:39","date_gmt":"2021-01-21T17:42:39","guid":{"rendered":"https:\/\/www.livrariarema.com.br\/loja\/produtos\/sem%20categoria\/homem-espiritual-o-vol-2-watchman-nee\/"},"modified":"2025-12-10T16:19:10","modified_gmt":"2025-12-10T19:19:10","slug":"homem-espiritual-o-vol-2-watchman-nee","status":"publish","type":"product","link":"https:\/\/www.livrariarema.com.br\/loja\/produtos\/livros\/crescimento-espiritual\/homem-espiritual-o-vol-2-watchman-nee\/","title":{"rendered":"Homem Espiritual, O &#8211; Vol. 2 &#8211; Watchman Nee"},"content":{"rendered":"<p>O prop\u00f3sito de Deus \u00e9 que, atrav\u00e9s da nova vida que recebemos na regenera\u00e7\u00e3o, sejamos livres do pecado.<\/p>\n<p>Watchman Nee fez essa afirma\u00e7\u00e3o no primeiro volume de O Homem Espiritual. Neste segundo livro da s\u00e9rie, continua desenvolvendo o tema e responde a algumas quest\u00f5es como:<\/p>\n<p> O que \u00e9 um homem espiritual?<br \/>\n Como \u00e9 de fato a rela\u00e7\u00e3o entre o Esp\u00edrito de Deus e o esp\u00edrito do crist\u00e3o?<br \/>\n O que \u00e9 uma obra espiritual?<br \/>\n Qual a constitui\u00e7\u00e3o do esp\u00edrito humano e as leis com ele relacionadas?<br \/>\n Quais s\u00e3o as caracter\u00edsticas de um esp\u00edrito normal<\/p>\n","protected":false},"excerpt":{"rendered":"<p>O prop\u00f3sito de Deus \u00e9 que, atrav\u00e9s da nova vida que recebemos na regenera\u00e7\u00e3o, sejamos livres do pecado. Watchman Nee&hellip;<\/p>\n","protected":false},"featured_media":330893,"comment_status":"open","ping_status":"closed","template":"","meta":[],"product_cat":[147,134],"product_tag":[],"_links":{"self":[{"href":"https:\/\/www.livrariarema.com.br\/loja\/wp-json\/wp\/v2\/product\/48907"}],"collection":[{"href":"https:\/\/www.livrariarema.com.br\/loja\/wp-json\/wp\/v2\/product"}],"about":[{"href":"https:\/\/www.livrariarema.com.br\/loja\/wp-json\/wp\/v2\/types\/product"}],"replies":[{"embeddable":true,"href":"https:\/\/www.livrariarema.com.br\/loja\/wp-json\/wp\/v2\/comments?post=48907"}],"wp:featuredmedia":[{"embeddable":true,"href":"https:\/\/www.livrariarema.com.br\/loja\/wp-json\/wp\/v2\/media\/330893"}],"wp:attachment":[{"href":"https:\/\/www.livrariarema.com.br\/loja\/wp-json\/wp\/v2\/media?parent=48907"}],"wp:term":[{"taxonomy":"product_cat","embeddable":true,"href":"https:\/\/www.livrariarema.com.br\/loja\/wp-json\/wp\/v2\/product_cat?post=48907"},{"taxonomy":"product_tag","embeddable":true,"href":"https:\/\/www.livrariarema.com.br\/loja\/wp-json\/wp\/v2\/product_tag?post=48907"}],"curies":[{"name":"wp","href":"https:\/\/api.w.org\/{rel}","templated":true}]}}