{"id":48940,"date":"2021-01-21T14:43:46","date_gmt":"2021-01-21T17:43:46","guid":{"rendered":"https:\/\/www.livrariarema.com.br\/loja\/produtos\/sem%20categoria\/campo-de-batalha-da-mente-para-criancas-joyce-meyer\/"},"modified":"2026-04-01T15:32:11","modified_gmt":"2026-04-01T18:32:11","slug":"campo-de-batalha-da-mente-para-criancas-joyce-meyer","status":"publish","type":"product","link":"https:\/\/www.livrariarema.com.br\/loja\/produtos\/livros\/infantil\/campo-de-batalha-da-mente-para-criancas-joyce-meyer\/","title":{"rendered":"Campo De Batalha Da Mente Para Crian\u00e7as &#8211; Joyce Meyer"},"content":{"rendered":"<p>Em CAMPO DE BATALHA DA MENTE PARA CRIAN\u00c7AS Joyce Meyer trata honestamente daquilo que crian\u00e7as enfrentam todos os dias, seja em casa ou na escola, no playground ou ao redor da mesa de jantar. <br \/>\nRecheado de hist\u00f3rias, testes divertidos e perguntas para fazer pensar, esse livro ir\u00e1 ajud\u00e1-lo a perceber o que est\u00e1 certo e o que est\u00e1 errado, e tamb\u00e9m para ajud\u00e1-lo a observar algumas coisas com as quais a crian\u00e7a pode estar lutando, como preocupa\u00e7\u00e3o, raiva, confus\u00e3o e medo. <Br><br \/>\nN\u00e3o h\u00e1 nada de errado em ter d\u00favidas. \u00c9 o que voc\u00ea faz para combater as d\u00favidas que importa.<\/p>\n","protected":false},"excerpt":{"rendered":"<p>Em CAMPO DE BATALHA DA MENTE PARA CRIAN\u00c7AS Joyce Meyer trata honestamente daquilo que crian\u00e7as enfrentam todos os dias, seja&hellip;<\/p>\n","protected":false},"featured_media":339415,"comment_status":"open","ping_status":"closed","template":"","meta":[],"product_cat":[144,134],"product_tag":[],"_links":{"self":[{"href":"https:\/\/www.livrariarema.com.br\/loja\/wp-json\/wp\/v2\/product\/48940"}],"collection":[{"href":"https:\/\/www.livrariarema.com.br\/loja\/wp-json\/wp\/v2\/product"}],"about":[{"href":"https:\/\/www.livrariarema.com.br\/loja\/wp-json\/wp\/v2\/types\/product"}],"replies":[{"embeddable":true,"href":"https:\/\/www.livrariarema.com.br\/loja\/wp-json\/wp\/v2\/comments?post=48940"}],"wp:featuredmedia":[{"embeddable":true,"href":"https:\/\/www.livrariarema.com.br\/loja\/wp-json\/wp\/v2\/media\/339415"}],"wp:attachment":[{"href":"https:\/\/www.livrariarema.com.br\/loja\/wp-json\/wp\/v2\/media?parent=48940"}],"wp:term":[{"taxonomy":"product_cat","embeddable":true,"href":"https:\/\/www.livrariarema.com.br\/loja\/wp-json\/wp\/v2\/product_cat?post=48940"},{"taxonomy":"product_tag","embeddable":true,"href":"https:\/\/www.livrariarema.com.br\/loja\/wp-json\/wp\/v2\/product_tag?post=48940"}],"curies":[{"name":"wp","href":"https:\/\/api.w.org\/{rel}","templated":true}]}}