{"id":49009,"date":"2021-01-21T14:45:59","date_gmt":"2021-01-21T17:45:59","guid":{"rendered":"https:\/\/www.livrariarema.com.br\/loja\/produtos\/sem%20categoria\/comentarios-expositivos-apocalipse-hernandes-dias-lopes\/"},"modified":"2026-03-13T17:10:53","modified_gmt":"2026-03-13T20:10:53","slug":"comentarios-expositivos-apocalipse-hernandes-dias-lopes","status":"publish","type":"product","link":"https:\/\/www.livrariarema.com.br\/loja\/produtos\/livros\/comentario-biblico\/comentarios-expositivos-apocalipse-hernandes-dias-lopes\/","title":{"rendered":"Coment\u00e1rios Expositivos &#8211; Apocalipse &#8211; Hernandes Dias Lopes"},"content":{"rendered":"<p>O Apocalipse \u00e9 sem d\u00favida um livro de revela\u00e7\u00f5es. <\/p>\n<p>O autor demonstra como a mensagem deste livro \u00e9 atual e seu prop\u00f3sito relevante para hoje. <\/p>\n<p>Indo al\u00e9m da especula\u00e7\u00e3o futurista, exp\u00f5e com clareza como o consagrado livro de profecias abriga uma mensagem de esperan\u00e7a que orienta os rumos e o prop\u00f3sito da hist\u00f3ria. <\/p>\n<p>O \u00faltimo livro b\u00edblico, comentado por um brasileiro, est\u00e1 agora ao seu alcance.os pela Editora Hagnos.<\/p>\n","protected":false},"excerpt":{"rendered":"<p>O Apocalipse \u00e9 sem d\u00favida um livro de revela\u00e7\u00f5es. O autor demonstra como a mensagem deste livro \u00e9 atual e&hellip;<\/p>\n","protected":false},"featured_media":346239,"comment_status":"open","ping_status":"closed","template":"","meta":[],"product_cat":[164,134],"product_tag":[],"_links":{"self":[{"href":"https:\/\/www.livrariarema.com.br\/loja\/wp-json\/wp\/v2\/product\/49009"}],"collection":[{"href":"https:\/\/www.livrariarema.com.br\/loja\/wp-json\/wp\/v2\/product"}],"about":[{"href":"https:\/\/www.livrariarema.com.br\/loja\/wp-json\/wp\/v2\/types\/product"}],"replies":[{"embeddable":true,"href":"https:\/\/www.livrariarema.com.br\/loja\/wp-json\/wp\/v2\/comments?post=49009"}],"wp:featuredmedia":[{"embeddable":true,"href":"https:\/\/www.livrariarema.com.br\/loja\/wp-json\/wp\/v2\/media\/346239"}],"wp:attachment":[{"href":"https:\/\/www.livrariarema.com.br\/loja\/wp-json\/wp\/v2\/media?parent=49009"}],"wp:term":[{"taxonomy":"product_cat","embeddable":true,"href":"https:\/\/www.livrariarema.com.br\/loja\/wp-json\/wp\/v2\/product_cat?post=49009"},{"taxonomy":"product_tag","embeddable":true,"href":"https:\/\/www.livrariarema.com.br\/loja\/wp-json\/wp\/v2\/product_tag?post=49009"}],"curies":[{"name":"wp","href":"https:\/\/api.w.org\/{rel}","templated":true}]}}