{"id":49011,"date":"2021-01-21T14:46:03","date_gmt":"2021-01-21T17:46:03","guid":{"rendered":"https:\/\/www.livrariarema.com.br\/loja\/produtos\/sem%20categoria\/comentarios-expositivos-daniel-hernandes-dias-lopes\/"},"modified":"2026-03-13T17:11:04","modified_gmt":"2026-03-13T20:11:04","slug":"comentarios-expositivos-daniel-hernandes-dias-lopes","status":"publish","type":"product","link":"https:\/\/www.livrariarema.com.br\/loja\/produtos\/livros\/comentario-biblico\/comentarios-expositivos-daniel-hernandes-dias-lopes\/","title":{"rendered":"Coment\u00e1rios Expositivos &#8211; Daniel &#8211; Hernandes Dias Lopes"},"content":{"rendered":"<p>Este coment\u00e1rio do livro de Daniel faz uma radiografia da pr\u00f3pria alma, investiga os recessos do cora\u00e7\u00e3o e lan\u00e7a luz nos corredores sombrios da vida. <\/p>\n<p>Daniel viveu num tempo em que a verdade estava sendo pisada, os valores morais estavam sendo escarnecidos e a religi\u00e3o tinha perdido sua integridade. <\/p>\n<p>Mostra-nos como confiar em Deus n\u00e3o simplesmente por aquilo que Ele faz, mas por quem Ele \u00e9.<\/p>\n","protected":false},"excerpt":{"rendered":"<p>Este coment\u00e1rio do livro de Daniel faz uma radiografia da pr\u00f3pria alma, investiga os recessos do cora\u00e7\u00e3o e lan\u00e7a luz&hellip;<\/p>\n","protected":false},"featured_media":346240,"comment_status":"open","ping_status":"closed","template":"","meta":[],"product_cat":[164,134],"product_tag":[],"_links":{"self":[{"href":"https:\/\/www.livrariarema.com.br\/loja\/wp-json\/wp\/v2\/product\/49011"}],"collection":[{"href":"https:\/\/www.livrariarema.com.br\/loja\/wp-json\/wp\/v2\/product"}],"about":[{"href":"https:\/\/www.livrariarema.com.br\/loja\/wp-json\/wp\/v2\/types\/product"}],"replies":[{"embeddable":true,"href":"https:\/\/www.livrariarema.com.br\/loja\/wp-json\/wp\/v2\/comments?post=49011"}],"wp:featuredmedia":[{"embeddable":true,"href":"https:\/\/www.livrariarema.com.br\/loja\/wp-json\/wp\/v2\/media\/346240"}],"wp:attachment":[{"href":"https:\/\/www.livrariarema.com.br\/loja\/wp-json\/wp\/v2\/media?parent=49011"}],"wp:term":[{"taxonomy":"product_cat","embeddable":true,"href":"https:\/\/www.livrariarema.com.br\/loja\/wp-json\/wp\/v2\/product_cat?post=49011"},{"taxonomy":"product_tag","embeddable":true,"href":"https:\/\/www.livrariarema.com.br\/loja\/wp-json\/wp\/v2\/product_tag?post=49011"}],"curies":[{"name":"wp","href":"https:\/\/api.w.org\/{rel}","templated":true}]}}