{"id":49016,"date":"2021-01-21T14:46:10","date_gmt":"2021-01-21T17:46:10","guid":{"rendered":"https:\/\/www.livrariarema.com.br\/loja\/produtos\/sem%20categoria\/comentarios-expositivos-malaquias-hernandes-dias-lopes\/"},"modified":"2026-03-13T17:11:16","modified_gmt":"2026-03-13T20:11:16","slug":"comentarios-expositivos-malaquias-hernandes-dias-lopes","status":"publish","type":"product","link":"https:\/\/www.livrariarema.com.br\/loja\/produtos\/livros\/comentario-biblico\/comentarios-expositivos-malaquias-hernandes-dias-lopes\/","title":{"rendered":"Coment\u00e1rios Expositivos &#8211; Malaquias &#8211; Hernandes Dias Lopes"},"content":{"rendered":"<p>O coment\u00e1rio ao livro do profeta Malaquias traz uma abordagem sobre a espiritualidade de maneira contundente. <\/p>\n<p>O autor exp\u00f5e a realidade b\u00edblica vivenciada pela na\u00e7\u00e3o de Israel para uma reflex\u00e3o contempor\u00e2nea.<\/p>\n<p>Do culto espiritual contraposto ao formalismo tradicional. Da integridade de car\u00e1ter em oposi\u00e7\u00e3o \u00e0 religiosidade morta. Deus exerce seu ju\u00edzo mas tamb\u00e9m aponta para a verdadeira esperan\u00e7a.<\/p>\n","protected":false},"excerpt":{"rendered":"<p>O coment\u00e1rio ao livro do profeta Malaquias traz uma abordagem sobre a espiritualidade de maneira contundente. O autor exp\u00f5e a&hellip;<\/p>\n","protected":false},"featured_media":346242,"comment_status":"open","ping_status":"closed","template":"","meta":[],"product_cat":[164,134],"product_tag":[],"_links":{"self":[{"href":"https:\/\/www.livrariarema.com.br\/loja\/wp-json\/wp\/v2\/product\/49016"}],"collection":[{"href":"https:\/\/www.livrariarema.com.br\/loja\/wp-json\/wp\/v2\/product"}],"about":[{"href":"https:\/\/www.livrariarema.com.br\/loja\/wp-json\/wp\/v2\/types\/product"}],"replies":[{"embeddable":true,"href":"https:\/\/www.livrariarema.com.br\/loja\/wp-json\/wp\/v2\/comments?post=49016"}],"wp:featuredmedia":[{"embeddable":true,"href":"https:\/\/www.livrariarema.com.br\/loja\/wp-json\/wp\/v2\/media\/346242"}],"wp:attachment":[{"href":"https:\/\/www.livrariarema.com.br\/loja\/wp-json\/wp\/v2\/media?parent=49016"}],"wp:term":[{"taxonomy":"product_cat","embeddable":true,"href":"https:\/\/www.livrariarema.com.br\/loja\/wp-json\/wp\/v2\/product_cat?post=49016"},{"taxonomy":"product_tag","embeddable":true,"href":"https:\/\/www.livrariarema.com.br\/loja\/wp-json\/wp\/v2\/product_tag?post=49016"}],"curies":[{"name":"wp","href":"https:\/\/api.w.org\/{rel}","templated":true}]}}