{"id":49018,"date":"2021-01-21T14:46:13","date_gmt":"2021-01-21T17:46:13","guid":{"rendered":"https:\/\/www.livrariarema.com.br\/loja\/produtos\/sem%20categoria\/comentarios-expositivos-neemias-hernandes-dias-lopes\/"},"modified":"2026-03-13T17:11:22","modified_gmt":"2026-03-13T20:11:22","slug":"comentarios-expositivos-neemias-hernandes-dias-lopes","status":"publish","type":"product","link":"https:\/\/www.livrariarema.com.br\/loja\/produtos\/livros\/comentario-biblico\/comentarios-expositivos-neemias-hernandes-dias-lopes\/","title":{"rendered":"Coment\u00e1rios Expositivos &#8211; Neemias &#8211; Hernandes Dias Lopes"},"content":{"rendered":"<p>No livro de Neemias, o autor aborda a restaura\u00e7\u00e3o na vida pessoal, na fam\u00edlia, na pol\u00edtica, na igreja e na sociedade. <\/p>\n<p>Mostra como o l\u00edder enfrenta os ataques que vem de fora, sem deixar de lado os perigos em meio aos dilemas intrapessoais e interpessoais. <\/p>\n<p>Das li\u00e7\u00f5es extra\u00eddas do texto b\u00edblico fluem aplica\u00e7\u00f5es para a pr\u00e1tica da lideran\u00e7a em tempos de crise, corrup\u00e7\u00e3o e mudan\u00e7as.<\/p>\n","protected":false},"excerpt":{"rendered":"<p>No livro de Neemias, o autor aborda a restaura\u00e7\u00e3o na vida pessoal, na fam\u00edlia, na pol\u00edtica, na igreja e na&hellip;<\/p>\n","protected":false},"featured_media":346243,"comment_status":"open","ping_status":"closed","template":"","meta":[],"product_cat":[164,134],"product_tag":[],"_links":{"self":[{"href":"https:\/\/www.livrariarema.com.br\/loja\/wp-json\/wp\/v2\/product\/49018"}],"collection":[{"href":"https:\/\/www.livrariarema.com.br\/loja\/wp-json\/wp\/v2\/product"}],"about":[{"href":"https:\/\/www.livrariarema.com.br\/loja\/wp-json\/wp\/v2\/types\/product"}],"replies":[{"embeddable":true,"href":"https:\/\/www.livrariarema.com.br\/loja\/wp-json\/wp\/v2\/comments?post=49018"}],"wp:featuredmedia":[{"embeddable":true,"href":"https:\/\/www.livrariarema.com.br\/loja\/wp-json\/wp\/v2\/media\/346243"}],"wp:attachment":[{"href":"https:\/\/www.livrariarema.com.br\/loja\/wp-json\/wp\/v2\/media?parent=49018"}],"wp:term":[{"taxonomy":"product_cat","embeddable":true,"href":"https:\/\/www.livrariarema.com.br\/loja\/wp-json\/wp\/v2\/product_cat?post=49018"},{"taxonomy":"product_tag","embeddable":true,"href":"https:\/\/www.livrariarema.com.br\/loja\/wp-json\/wp\/v2\/product_tag?post=49018"}],"curies":[{"name":"wp","href":"https:\/\/api.w.org\/{rel}","templated":true}]}}