{"id":49037,"date":"2021-01-21T14:46:46","date_gmt":"2021-01-21T17:46:46","guid":{"rendered":"https:\/\/www.livrariarema.com.br\/loja\/produtos\/sem%20categoria\/vem-senhor-jesus-watchman-nee\/"},"modified":"2026-04-13T12:52:36","modified_gmt":"2026-04-13T15:52:36","slug":"vem-senhor-jesus-watchman-nee","status":"publish","type":"product","link":"https:\/\/www.livrariarema.com.br\/loja\/produtos\/livros\/estudo-biblico\/vem-senhor-jesus-watchman-nee\/","title":{"rendered":"Vem, Senhor Jesus &#8211; Watchman Nee"},"content":{"rendered":"<p>&#8220;&#8230; foi Jesus elevado \u00e0s alturas, \u00e0 vista deles, e uma nuvem o encobriu de seus olhos. E estando eles com os olhos fitos no c\u00e9u, en-quanto Jesus subia (&#8230;) dois var\u00f5es vestidos de branco (&#8230;) lhes disseram: (&#8230;) Esse Jesus que dentre v\u00f3s foi assunto ao c\u00e9u vir\u00e1 do modo como o vistes subir&#8221; (At 1:9,10). Desde que aquela nuvem encobriu o Senhor ressurreto dos olhos dos primeiros disc\u00edpulos, santos em todas as gera\u00e7\u00f5es t\u00eam aguardado a volta do Senhor exaltado. Essa expectativa motivou, ao longo das eras, muitos eruditos a estudarem o livro de Apocalipse e a apresentarem diversas interpreta\u00e7\u00f5es. O presente livro resultou da compila\u00e7\u00e3o de estudos realizados por Watchman Nee ao longo de seu minist\u00e9rio. Apesar de possuir pontos de vista pr\u00f3prios, e de entender que n\u00e3o se deve ser dogm\u00e1tico no estudo das profecias, Nee apresenta a abordagem que lhe pareceu mais satisfat\u00f3ria tendo como fundamento todo o conjunto das Escrituras. Seu prop\u00f3sito foi o de estimular o interesse do povo de Deus nas profecias e de encorajar a cada um a se preparar para encontrar-se com o Amado Senhor.<\/p>\n","protected":false},"excerpt":{"rendered":"<p>&#8220;&#8230; foi Jesus elevado \u00e0s alturas, \u00e0 vista deles, e uma nuvem o encobriu de seus olhos. E estando eles&hellip;<\/p>\n","protected":false},"featured_media":70616,"comment_status":"open","ping_status":"closed","template":"","meta":[],"product_cat":[161,134],"product_tag":[],"_links":{"self":[{"href":"https:\/\/www.livrariarema.com.br\/loja\/wp-json\/wp\/v2\/product\/49037"}],"collection":[{"href":"https:\/\/www.livrariarema.com.br\/loja\/wp-json\/wp\/v2\/product"}],"about":[{"href":"https:\/\/www.livrariarema.com.br\/loja\/wp-json\/wp\/v2\/types\/product"}],"replies":[{"embeddable":true,"href":"https:\/\/www.livrariarema.com.br\/loja\/wp-json\/wp\/v2\/comments?post=49037"}],"wp:featuredmedia":[{"embeddable":true,"href":"https:\/\/www.livrariarema.com.br\/loja\/wp-json\/wp\/v2\/media\/70616"}],"wp:attachment":[{"href":"https:\/\/www.livrariarema.com.br\/loja\/wp-json\/wp\/v2\/media?parent=49037"}],"wp:term":[{"taxonomy":"product_cat","embeddable":true,"href":"https:\/\/www.livrariarema.com.br\/loja\/wp-json\/wp\/v2\/product_cat?post=49037"},{"taxonomy":"product_tag","embeddable":true,"href":"https:\/\/www.livrariarema.com.br\/loja\/wp-json\/wp\/v2\/product_tag?post=49037"}],"curies":[{"name":"wp","href":"https:\/\/api.w.org\/{rel}","templated":true}]}}