{"id":49064,"date":"2021-01-21T15:00:34","date_gmt":"2021-01-21T18:00:34","guid":{"rendered":"https:\/\/www.livrariarema.com.br\/loja\/produtos\/sem%20categoria\/comentarios-expositivos-2-pedro-e-judas-hernandes-dias-lopes\/"},"modified":"2026-03-13T16:56:01","modified_gmt":"2026-03-13T19:56:01","slug":"comentarios-expositivos-2-pedro-e-judas-hernandes-dias-lopes","status":"publish","type":"product","link":"https:\/\/www.livrariarema.com.br\/loja\/produtos\/livros\/comentario-biblico\/comentarios-expositivos-2-pedro-e-judas-hernandes-dias-lopes\/","title":{"rendered":"Coment\u00e1rios Expositivos &#8211; 2 Pedro E Judas &#8211; Hernandes Dias Lopes"},"content":{"rendered":"<p>As cartas de 2 Pedro e Judas s\u00e3o atual\u00edssimas. Retratam os nossos dias de forma eloquente. Mostram, com cores fortes, a amea\u00e7a das falsas doutrinas e o perigo dos falsos mestres. Tanto o ap\u00f3stolo Pedro como Judas n\u00e3o hesitam em denunciar as motiva\u00e7\u00f5es s\u00f3rdidas desses pregadores do engano. Eles torcem as Escrituras para justifi car suas pr\u00e1ticas libertinas. O vetor do minist\u00e9rio deles \u00e9 o lucro e n\u00e3o o cuidado das ovelhas. Querem gl\u00f3ria dos homens e n\u00e3o a aprova\u00e7\u00e3o de Deus.<\/p>\n<p>Proliferam ainda hoje muitas novidades no mercado da f\u00e9. A igreja brasileira precisa, com urg\u00eancia, voltar \u00e0s Escrituras. Esse \u00e9 o desafi o deste livro!<\/p>\n","protected":false},"excerpt":{"rendered":"<p>As cartas de 2 Pedro e Judas s\u00e3o atual\u00edssimas. Retratam os nossos dias de forma eloquente. Mostram, com cores fortes,&hellip;<\/p>\n","protected":false},"featured_media":346116,"comment_status":"open","ping_status":"closed","template":"","meta":[],"product_cat":[164,134],"product_tag":[],"_links":{"self":[{"href":"https:\/\/www.livrariarema.com.br\/loja\/wp-json\/wp\/v2\/product\/49064"}],"collection":[{"href":"https:\/\/www.livrariarema.com.br\/loja\/wp-json\/wp\/v2\/product"}],"about":[{"href":"https:\/\/www.livrariarema.com.br\/loja\/wp-json\/wp\/v2\/types\/product"}],"replies":[{"embeddable":true,"href":"https:\/\/www.livrariarema.com.br\/loja\/wp-json\/wp\/v2\/comments?post=49064"}],"wp:featuredmedia":[{"embeddable":true,"href":"https:\/\/www.livrariarema.com.br\/loja\/wp-json\/wp\/v2\/media\/346116"}],"wp:attachment":[{"href":"https:\/\/www.livrariarema.com.br\/loja\/wp-json\/wp\/v2\/media?parent=49064"}],"wp:term":[{"taxonomy":"product_cat","embeddable":true,"href":"https:\/\/www.livrariarema.com.br\/loja\/wp-json\/wp\/v2\/product_cat?post=49064"},{"taxonomy":"product_tag","embeddable":true,"href":"https:\/\/www.livrariarema.com.br\/loja\/wp-json\/wp\/v2\/product_tag?post=49064"}],"curies":[{"name":"wp","href":"https:\/\/api.w.org\/{rel}","templated":true}]}}