{"id":49166,"date":"2021-01-21T15:05:21","date_gmt":"2021-01-21T18:05:21","guid":{"rendered":"https:\/\/www.livrariarema.com.br\/loja\/produtos\/sem%20categoria\/herois-da-fe-orlando-boyer\/"},"modified":"2026-04-11T10:40:46","modified_gmt":"2026-04-11T13:40:46","slug":"herois-da-fe-orlando-boyer","status":"publish","type":"product","link":"https:\/\/www.livrariarema.com.br\/loja\/produtos\/livros\/biografia\/herois-da-fe-orlando-boyer\/","title":{"rendered":"Her\u00f3is Da F\u00e9 &#8211; Orlando Boyer"},"content":{"rendered":"<p>Mais de 300.000 livros vendidos!<br \/>\nUm dos maiores cl\u00e1ssicos da literatura evang\u00e9lica. Homens extraordin\u00e1rios que incendiaram o mundo. A cada cap\u00edtulo uma hist\u00f3ria diferente, uma nova biografia.<br \/>\nAs verdadeiras hist\u00f3rias de alguns dos maiores vultos da Igreja de Cristo. Her\u00f3is como: Lutero, Finney, Wesley e Moody, dentre outros que resolveram viver uma vida de plenitude do evangelho.<br \/>\n&#8220;O solu\u00e7o de um bilh\u00e3o de almas na terra me soa aos ouvidos e comove o cora\u00e7\u00e3o: esfor\u00e7o-me, pelo aux\u00edlio de Deus, para avaliar, ao menos em parte, as densas trevas, a extrema mis\u00e9ria e o indescrit\u00edvel desespero desses mil milh\u00f5es de almas sem Cristo.<br \/>\nMedita, irm\u00e3o, sobre o amor do Mestre, amor profundo como o mar, contempla o horripilante espet\u00e1culo do desespero dos povos perdidos, at\u00e9 n\u00e3o poderes censurar, at\u00e9 n\u00e3o poderes descansar, at\u00e9 n\u00e3o poderes dormir.&#8221; (Carlos Inwood).<br \/>\nEsta obra cont\u00e9m as biografias de grandes servos de Jesus. Conhe\u00e7a a vida de pessoas verdadeiramente transformadas por Deus e que, por isso, servem-nos como exemplos de vida. Um est\u00edmulo para tamb\u00e9m buscarmos ser reconhecidos como verdadeiros Her\u00f3is da F\u00e9.<\/p>\n","protected":false},"excerpt":{"rendered":"<p>Mais de 300.000 livros vendidos! Um dos maiores cl\u00e1ssicos da literatura evang\u00e9lica. Homens extraordin\u00e1rios que incendiaram o mundo. A cada&hellip;<\/p>\n","protected":false},"featured_media":345987,"comment_status":"open","ping_status":"closed","template":"","meta":[],"product_cat":[181,134],"product_tag":[],"_links":{"self":[{"href":"https:\/\/www.livrariarema.com.br\/loja\/wp-json\/wp\/v2\/product\/49166"}],"collection":[{"href":"https:\/\/www.livrariarema.com.br\/loja\/wp-json\/wp\/v2\/product"}],"about":[{"href":"https:\/\/www.livrariarema.com.br\/loja\/wp-json\/wp\/v2\/types\/product"}],"replies":[{"embeddable":true,"href":"https:\/\/www.livrariarema.com.br\/loja\/wp-json\/wp\/v2\/comments?post=49166"}],"wp:featuredmedia":[{"embeddable":true,"href":"https:\/\/www.livrariarema.com.br\/loja\/wp-json\/wp\/v2\/media\/345987"}],"wp:attachment":[{"href":"https:\/\/www.livrariarema.com.br\/loja\/wp-json\/wp\/v2\/media?parent=49166"}],"wp:term":[{"taxonomy":"product_cat","embeddable":true,"href":"https:\/\/www.livrariarema.com.br\/loja\/wp-json\/wp\/v2\/product_cat?post=49166"},{"taxonomy":"product_tag","embeddable":true,"href":"https:\/\/www.livrariarema.com.br\/loja\/wp-json\/wp\/v2\/product_tag?post=49166"}],"curies":[{"name":"wp","href":"https:\/\/api.w.org\/{rel}","templated":true}]}}