{"id":49206,"date":"2021-01-21T15:06:37","date_gmt":"2021-01-21T18:06:37","guid":{"rendered":"https:\/\/www.livrariarema.com.br\/loja\/produtos\/sem%20categoria\/biblia-do-peregrino-capa-dura-verde\/"},"modified":"2025-06-04T09:20:08","modified_gmt":"2025-06-04T12:20:08","slug":"biblia-do-peregrino-capa-dura-verde","status":"publish","type":"product","link":"https:\/\/www.livrariarema.com.br\/loja\/produtos\/biblias\/catolica\/biblia-do-peregrino-capa-dura-verde\/","title":{"rendered":"B\u00edblia Do Peregrino &#8211; Capa Dura &#8211; Verde"},"content":{"rendered":"<p>Pela primeira vez em portugu\u00eas, oferece-se a B\u00edblia numa tradu\u00e7\u00e3o idiom\u00e1tica, com amplo espa\u00e7o para as notas, que ocupam quase dois ter\u00e7os do volume. Os mais de quarenta anos de contato com a B\u00edblia, atrav\u00e9s da investiga\u00e7\u00e3o, do ensino e da medita\u00e7\u00e3o, conferem ao autor dessa edi\u00e7\u00e3o de estudo amplo, conhecimento e familiaridade com o seu conte\u00fado. <br \/>\nA isso pode-se acrescentar a sua grande sensibilidade em captar os valores liter\u00e1rios e o sentido religioso dos textos b\u00edblicos, o que lhe permite relacionar e iluminar mutuamente os diferentes livros sagrados. <br \/>\nAs notas, escritas com dupla inten\u00e7\u00e3o, exeg\u00e9tica e teol\u00f3gico-pastoral, fazem desta edi\u00e7\u00e3o de estudo uma obra imprescind\u00edvel como livro de consulta e aprofundamento do texto b\u00edblico.<\/p>\n","protected":false},"excerpt":{"rendered":"<p>Pela primeira vez em portugu\u00eas, oferece-se a B\u00edblia numa tradu\u00e7\u00e3o idiom\u00e1tica, com amplo espa\u00e7o para as notas, que ocupam quase&hellip;<\/p>\n","protected":false},"featured_media":302638,"comment_status":"open","ping_status":"closed","template":"","meta":[],"product_cat":[139,219],"product_tag":[],"_links":{"self":[{"href":"https:\/\/www.livrariarema.com.br\/loja\/wp-json\/wp\/v2\/product\/49206"}],"collection":[{"href":"https:\/\/www.livrariarema.com.br\/loja\/wp-json\/wp\/v2\/product"}],"about":[{"href":"https:\/\/www.livrariarema.com.br\/loja\/wp-json\/wp\/v2\/types\/product"}],"replies":[{"embeddable":true,"href":"https:\/\/www.livrariarema.com.br\/loja\/wp-json\/wp\/v2\/comments?post=49206"}],"wp:featuredmedia":[{"embeddable":true,"href":"https:\/\/www.livrariarema.com.br\/loja\/wp-json\/wp\/v2\/media\/302638"}],"wp:attachment":[{"href":"https:\/\/www.livrariarema.com.br\/loja\/wp-json\/wp\/v2\/media?parent=49206"}],"wp:term":[{"taxonomy":"product_cat","embeddable":true,"href":"https:\/\/www.livrariarema.com.br\/loja\/wp-json\/wp\/v2\/product_cat?post=49206"},{"taxonomy":"product_tag","embeddable":true,"href":"https:\/\/www.livrariarema.com.br\/loja\/wp-json\/wp\/v2\/product_tag?post=49206"}],"curies":[{"name":"wp","href":"https:\/\/api.w.org\/{rel}","templated":true}]}}