{"id":49239,"date":"2021-01-21T15:07:43","date_gmt":"2021-01-21T18:07:43","guid":{"rendered":"https:\/\/www.livrariarema.com.br\/loja\/produtos\/sem%20categoria\/vida-que-vence-a-watchman-nee\/"},"modified":"2026-04-13T12:49:49","modified_gmt":"2026-04-13T15:49:49","slug":"vida-que-vence-a-watchman-nee","status":"publish","type":"product","link":"https:\/\/www.livrariarema.com.br\/loja\/produtos\/livros\/crescimento-espiritual\/vida-que-vence-a-watchman-nee\/","title":{"rendered":"Vida Que Vence, A &#8211; Watchman Nee"},"content":{"rendered":"<p>Voc\u00ea conhece a vida que vence? Sente-se envergonhado com o tipo de vida crist\u00e3 que tem vivido? Ser\u00e1 que voc\u00ea tem falhado t\u00e3o drasticamente na sua luta por vit\u00f3ria que clama: &#8220;Desventurado homem que sou! quem me livrar\u00e1&#8230;?&#8221; (Rm 7:24).<\/p>\n<p>Saiba que a salva\u00e7\u00e3o dessa condi\u00e7\u00e3o est\u00e1 ao seu alcance. &#8220;Gra\u00e7as a Deus por Jesus Cristo nosso Senhor&#8221; (v. 25). A vida que vence n\u00e3o \u00e9 conquistada por esfor\u00e7o, mas obtida gratuitamente. N\u00e3o \u00e9 uma vida transformada, e sim uma vida substitu\u00edda. N\u00e3o \u00e9 supress\u00e3o, mas express\u00e3o.<\/p>\n<p>Essa vida n\u00e3o pode ser produzida por voc\u00ea mesmo, mas \u00e9 Cristo vivendo em voc\u00ea. \u00c9 uma vida que vence o pecado, resulta em \u00edntima comunh\u00e3o com Deus, e \u00e9 plena em satisfa\u00e7\u00e3o e poder. O segredo para provar dessa vida \u00e9 desistir de si mesmo e deixar Cristo viver em seu lugar. De maneira a ajudar aqueles que j\u00e1 creem no Senhor a gozar dessa vida que vence, Watchman Nee ministrou uma s\u00e9rie de mensagens sobre este assunto, que est\u00e3o aqui compiladas.<\/p>\n","protected":false},"excerpt":{"rendered":"<p>Voc\u00ea conhece a vida que vence? Sente-se envergonhado com o tipo de vida crist\u00e3 que tem vivido? Ser\u00e1 que voc\u00ea&hellip;<\/p>\n","protected":false},"featured_media":346951,"comment_status":"open","ping_status":"closed","template":"","meta":[],"product_cat":[147,134],"product_tag":[],"_links":{"self":[{"href":"https:\/\/www.livrariarema.com.br\/loja\/wp-json\/wp\/v2\/product\/49239"}],"collection":[{"href":"https:\/\/www.livrariarema.com.br\/loja\/wp-json\/wp\/v2\/product"}],"about":[{"href":"https:\/\/www.livrariarema.com.br\/loja\/wp-json\/wp\/v2\/types\/product"}],"replies":[{"embeddable":true,"href":"https:\/\/www.livrariarema.com.br\/loja\/wp-json\/wp\/v2\/comments?post=49239"}],"wp:featuredmedia":[{"embeddable":true,"href":"https:\/\/www.livrariarema.com.br\/loja\/wp-json\/wp\/v2\/media\/346951"}],"wp:attachment":[{"href":"https:\/\/www.livrariarema.com.br\/loja\/wp-json\/wp\/v2\/media?parent=49239"}],"wp:term":[{"taxonomy":"product_cat","embeddable":true,"href":"https:\/\/www.livrariarema.com.br\/loja\/wp-json\/wp\/v2\/product_cat?post=49239"},{"taxonomy":"product_tag","embeddable":true,"href":"https:\/\/www.livrariarema.com.br\/loja\/wp-json\/wp\/v2\/product_tag?post=49239"}],"curies":[{"name":"wp","href":"https:\/\/api.w.org\/{rel}","templated":true}]}}