{"id":49241,"date":"2021-01-21T15:07:47","date_gmt":"2021-01-21T18:07:47","guid":{"rendered":"https:\/\/www.livrariarema.com.br\/loja\/produtos\/sem%20categoria\/e-hora-de-jogar-vol-2-antigo-testamento-96-atividades\/"},"modified":"2026-02-20T13:48:15","modified_gmt":"2026-02-20T16:48:15","slug":"e-hora-de-jogar-vol-2-antigo-testamento-96-atividades","status":"publish","type":"product","link":"https:\/\/www.livrariarema.com.br\/loja\/produtos\/livros\/didatico\/e-hora-de-jogar-vol-2-antigo-testamento-96-atividades\/","title":{"rendered":"\u00c9 Hora De Jogar &#8211; Vol. 2 &#8211; Antigo Testamento &#8211; 96 Atividades"},"content":{"rendered":"<p>Voc\u00ea gostaria de incentivar seus alunos a lerem a B\u00edblia? De saber como fazer a aplica\u00e7\u00e3o pr\u00e1tica da hist\u00f3ria b\u00edblica? Deseja que sua turma adquira uma base b\u00edblica s\u00f3lida enquanto se diverte? A s\u00e9rie: \u00c9 hora de Jogar, oferece exatamente isso tudo. Pontos fortes: adapt\u00e1veis a qualquer curr\u00edculo, instru\u00e7\u00f5es f\u00e1ceis, profunda \u00eanfase b\u00edblica, estudo das doutrinas b\u00edblicas mais importantes, ensino para uma faixa et\u00e1ria abrangente (3-11 anos), permiss\u00e3o de fotoc\u00f3pias do material de apoio.<\/p>\n","protected":false},"excerpt":{"rendered":"<p>Voc\u00ea gostaria de incentivar seus alunos a lerem a B\u00edblia? De saber como fazer a aplica\u00e7\u00e3o pr\u00e1tica da hist\u00f3ria b\u00edblica?&hellip;<\/p>\n","protected":false},"featured_media":345142,"comment_status":"open","ping_status":"closed","template":"","meta":[],"product_cat":[185,134],"product_tag":[],"_links":{"self":[{"href":"https:\/\/www.livrariarema.com.br\/loja\/wp-json\/wp\/v2\/product\/49241"}],"collection":[{"href":"https:\/\/www.livrariarema.com.br\/loja\/wp-json\/wp\/v2\/product"}],"about":[{"href":"https:\/\/www.livrariarema.com.br\/loja\/wp-json\/wp\/v2\/types\/product"}],"replies":[{"embeddable":true,"href":"https:\/\/www.livrariarema.com.br\/loja\/wp-json\/wp\/v2\/comments?post=49241"}],"wp:featuredmedia":[{"embeddable":true,"href":"https:\/\/www.livrariarema.com.br\/loja\/wp-json\/wp\/v2\/media\/345142"}],"wp:attachment":[{"href":"https:\/\/www.livrariarema.com.br\/loja\/wp-json\/wp\/v2\/media?parent=49241"}],"wp:term":[{"taxonomy":"product_cat","embeddable":true,"href":"https:\/\/www.livrariarema.com.br\/loja\/wp-json\/wp\/v2\/product_cat?post=49241"},{"taxonomy":"product_tag","embeddable":true,"href":"https:\/\/www.livrariarema.com.br\/loja\/wp-json\/wp\/v2\/product_tag?post=49241"}],"curies":[{"name":"wp","href":"https:\/\/api.w.org\/{rel}","templated":true}]}}