{"id":49320,"date":"2021-01-21T15:13:48","date_gmt":"2021-01-21T18:13:48","guid":{"rendered":"https:\/\/www.livrariarema.com.br\/loja\/produtos\/sem%20categoria\/perfil-do-pregador-o-john-stott\/"},"modified":"2026-02-20T13:29:48","modified_gmt":"2026-02-20T16:29:48","slug":"perfil-do-pregador-o-john-stott","status":"publish","type":"product","link":"https:\/\/www.livrariarema.com.br\/loja\/produtos\/livros\/homiletica\/perfil-do-pregador-o-john-stott\/","title":{"rendered":"Perfil Do Pregador, O &#8211; John Stott"},"content":{"rendered":"<p>As p\u00e1ginas deste livro abordam quest\u00e3o que desafiam a pr\u00f3pria f\u00e9: por que a B\u00edblia fo escrita? Qual \u00e9 a sua mensagem fundamental? Quem garante sua autoridade como Palavra de Deus? Como interpret\u00e1-la com seguran\u00e7a? Stott convida voc\u00ea a atingir profundidades das Escrituras Sagradas raramente alcan\u00e7adas. N\u00e3o \u00e9 preciso equipamento especial. Basta respirar fundo e mergulhar sem medo. <\/p>\n","protected":false},"excerpt":{"rendered":"<p>As p\u00e1ginas deste livro abordam quest\u00e3o que desafiam a pr\u00f3pria f\u00e9: por que a B\u00edblia fo escrita? Qual \u00e9 a&hellip;<\/p>\n","protected":false},"featured_media":345064,"comment_status":"open","ping_status":"closed","template":"","meta":[],"product_cat":[198,134],"product_tag":[],"_links":{"self":[{"href":"https:\/\/www.livrariarema.com.br\/loja\/wp-json\/wp\/v2\/product\/49320"}],"collection":[{"href":"https:\/\/www.livrariarema.com.br\/loja\/wp-json\/wp\/v2\/product"}],"about":[{"href":"https:\/\/www.livrariarema.com.br\/loja\/wp-json\/wp\/v2\/types\/product"}],"replies":[{"embeddable":true,"href":"https:\/\/www.livrariarema.com.br\/loja\/wp-json\/wp\/v2\/comments?post=49320"}],"wp:featuredmedia":[{"embeddable":true,"href":"https:\/\/www.livrariarema.com.br\/loja\/wp-json\/wp\/v2\/media\/345064"}],"wp:attachment":[{"href":"https:\/\/www.livrariarema.com.br\/loja\/wp-json\/wp\/v2\/media?parent=49320"}],"wp:term":[{"taxonomy":"product_cat","embeddable":true,"href":"https:\/\/www.livrariarema.com.br\/loja\/wp-json\/wp\/v2\/product_cat?post=49320"},{"taxonomy":"product_tag","embeddable":true,"href":"https:\/\/www.livrariarema.com.br\/loja\/wp-json\/wp\/v2\/product_tag?post=49320"}],"curies":[{"name":"wp","href":"https:\/\/api.w.org\/{rel}","templated":true}]}}