{"id":49397,"date":"2021-01-21T15:16:04","date_gmt":"2021-01-21T18:16:04","guid":{"rendered":"https:\/\/www.livrariarema.com.br\/loja\/produtos\/sem%20categoria\/comentarios-expositivos-amos-hernandes-dias-lopes\/"},"modified":"2026-03-13T16:53:15","modified_gmt":"2026-03-13T19:53:15","slug":"comentarios-expositivos-amos-hernandes-dias-lopes","status":"publish","type":"product","link":"https:\/\/www.livrariarema.com.br\/loja\/produtos\/livros\/comentario-biblico\/comentarios-expositivos-amos-hernandes-dias-lopes\/","title":{"rendered":"Coment\u00e1rios Expositivos &#8211; Am\u00f3s &#8211; Hernandes Dias Lopes"},"content":{"rendered":"<p>Em um contexto conturbado, de injusti\u00e7a social t\u00e3o gritante, de escandalos t\u00e3o ruidosos e da desesperan\u00e7a, o livro de Am\u00f3s \u00e9 uma trombeta de Deus que deve ser tocada no pal\u00e1cio, no parlamento e nos tribunais. <\/p>\n<p>A mensagem de Am\u00f3s deve ser anunciada nas universidades, nas ruas de com\u00e9rcio e nas pra\u00e7as, repleta de pessoas. <\/p>\n<p>A leitura deste livro trar\u00e1 luz para a sua mente, aquecer\u00e1 seu cora\u00e7\u00e3o, poder\u00e1 livr\u00e1-lo de grandes trag\u00e9dias e revolucionar\u00e1 a sua vida.<\/p>\n","protected":false},"excerpt":{"rendered":"<p>Em um contexto conturbado, de injusti\u00e7a social t\u00e3o gritante, de escandalos t\u00e3o ruidosos e da desesperan\u00e7a, o livro de Am\u00f3s&hellip;<\/p>\n","protected":false},"featured_media":346099,"comment_status":"open","ping_status":"closed","template":"","meta":[],"product_cat":[164,134],"product_tag":[],"_links":{"self":[{"href":"https:\/\/www.livrariarema.com.br\/loja\/wp-json\/wp\/v2\/product\/49397"}],"collection":[{"href":"https:\/\/www.livrariarema.com.br\/loja\/wp-json\/wp\/v2\/product"}],"about":[{"href":"https:\/\/www.livrariarema.com.br\/loja\/wp-json\/wp\/v2\/types\/product"}],"replies":[{"embeddable":true,"href":"https:\/\/www.livrariarema.com.br\/loja\/wp-json\/wp\/v2\/comments?post=49397"}],"wp:featuredmedia":[{"embeddable":true,"href":"https:\/\/www.livrariarema.com.br\/loja\/wp-json\/wp\/v2\/media\/346099"}],"wp:attachment":[{"href":"https:\/\/www.livrariarema.com.br\/loja\/wp-json\/wp\/v2\/media?parent=49397"}],"wp:term":[{"taxonomy":"product_cat","embeddable":true,"href":"https:\/\/www.livrariarema.com.br\/loja\/wp-json\/wp\/v2\/product_cat?post=49397"},{"taxonomy":"product_tag","embeddable":true,"href":"https:\/\/www.livrariarema.com.br\/loja\/wp-json\/wp\/v2\/product_tag?post=49397"}],"curies":[{"name":"wp","href":"https:\/\/api.w.org\/{rel}","templated":true}]}}