{"id":49399,"date":"2021-01-21T15:16:08","date_gmt":"2021-01-21T18:16:08","guid":{"rendered":"https:\/\/www.livrariarema.com.br\/loja\/produtos\/sem%20categoria\/comentarios-expositivos-filipenses-hernandes-dias-lopes\/"},"modified":"2026-03-13T16:52:21","modified_gmt":"2026-03-13T19:52:21","slug":"comentarios-expositivos-filipenses-hernandes-dias-lopes","status":"publish","type":"product","link":"https:\/\/www.livrariarema.com.br\/loja\/produtos\/livros\/comentario-biblico\/comentarios-expositivos-filipenses-hernandes-dias-lopes\/","title":{"rendered":"Coment\u00e1rios Expositivos &#8211; Filipenses &#8211; Hernandes Dias Lopes"},"content":{"rendered":"<p>O livro de Filipenses diz respeito a base da alegria e da f\u00e9 crist\u00e3. <\/p>\n<p>Paulo nos diz que s\u00f3 em Jesus \u00e9 poss\u00edvel ter verdadeira uni\u00e3o e alegria, e que esta alegria n\u00e3o \u00e9 uma emo\u00e7\u00e3o passageira ou ef\u00eamera que depende das circunst\u00e2ncias, pois mesmo em meio adversidades e dificuldades \u00e9 poss\u00edvel experiment\u00e1-la.<\/p>\n","protected":false},"excerpt":{"rendered":"<p>O livro de Filipenses diz respeito a base da alegria e da f\u00e9 crist\u00e3. Paulo nos diz que s\u00f3 em&hellip;<\/p>\n","protected":false},"featured_media":346091,"comment_status":"open","ping_status":"closed","template":"","meta":[],"product_cat":[164,134],"product_tag":[],"_links":{"self":[{"href":"https:\/\/www.livrariarema.com.br\/loja\/wp-json\/wp\/v2\/product\/49399"}],"collection":[{"href":"https:\/\/www.livrariarema.com.br\/loja\/wp-json\/wp\/v2\/product"}],"about":[{"href":"https:\/\/www.livrariarema.com.br\/loja\/wp-json\/wp\/v2\/types\/product"}],"replies":[{"embeddable":true,"href":"https:\/\/www.livrariarema.com.br\/loja\/wp-json\/wp\/v2\/comments?post=49399"}],"wp:featuredmedia":[{"embeddable":true,"href":"https:\/\/www.livrariarema.com.br\/loja\/wp-json\/wp\/v2\/media\/346091"}],"wp:attachment":[{"href":"https:\/\/www.livrariarema.com.br\/loja\/wp-json\/wp\/v2\/media?parent=49399"}],"wp:term":[{"taxonomy":"product_cat","embeddable":true,"href":"https:\/\/www.livrariarema.com.br\/loja\/wp-json\/wp\/v2\/product_cat?post=49399"},{"taxonomy":"product_tag","embeddable":true,"href":"https:\/\/www.livrariarema.com.br\/loja\/wp-json\/wp\/v2\/product_tag?post=49399"}],"curies":[{"name":"wp","href":"https:\/\/api.w.org\/{rel}","templated":true}]}}