{"id":49405,"date":"2021-01-21T15:16:19","date_gmt":"2021-01-21T18:16:19","guid":{"rendered":"https:\/\/www.livrariarema.com.br\/loja\/produtos\/sem%20categoria\/comentarios-expositivos-habacuque-hernandes-dias-lopes\/"},"modified":"2026-03-20T16:19:22","modified_gmt":"2026-03-20T19:19:22","slug":"comentarios-expositivos-habacuque-hernandes-dias-lopes","status":"publish","type":"product","link":"https:\/\/www.livrariarema.com.br\/loja\/produtos\/livros\/comentario-biblico\/comentarios-expositivos-habacuque-hernandes-dias-lopes\/","title":{"rendered":"Coment\u00e1rios Expositivos &#8211; Habacuque &#8211; Hernandes Dias Lopes"},"content":{"rendered":"<p>Habacuque traz luz aos grandes temas que ainda hoje afligem a humanidade. <\/p>\n<p>Ele trata de pol\u00edtica internacional, econ\u00f4mica, viola\u00e7\u00e3o dos direitos humanos, guerra, decad\u00eancia moral e religiosa. <\/p>\n<p>Habacuque viu a na\u00e7\u00e3o rumando para destrui\u00e7\u00e3o ao rumar para dentro de si, viu-se tremendo de medo, mas quando pela f\u00e9, olhou para o alto, viu Deus, e todos os seus medos desvanecerem. <\/p>\n<p>Andar pela f\u00e9 significa concentrar-se na grandeza e na gl\u00f3ria de Deus, e n\u00e3o na fraqueza humana.<\/p>\n","protected":false},"excerpt":{"rendered":"<p>Habacuque traz luz aos grandes temas que ainda hoje afligem a humanidade. Ele trata de pol\u00edtica internacional, econ\u00f4mica, viola\u00e7\u00e3o dos&hellip;<\/p>\n","protected":false},"featured_media":346413,"comment_status":"open","ping_status":"closed","template":"","meta":[],"product_cat":[164,134],"product_tag":[],"_links":{"self":[{"href":"https:\/\/www.livrariarema.com.br\/loja\/wp-json\/wp\/v2\/product\/49405"}],"collection":[{"href":"https:\/\/www.livrariarema.com.br\/loja\/wp-json\/wp\/v2\/product"}],"about":[{"href":"https:\/\/www.livrariarema.com.br\/loja\/wp-json\/wp\/v2\/types\/product"}],"replies":[{"embeddable":true,"href":"https:\/\/www.livrariarema.com.br\/loja\/wp-json\/wp\/v2\/comments?post=49405"}],"wp:featuredmedia":[{"embeddable":true,"href":"https:\/\/www.livrariarema.com.br\/loja\/wp-json\/wp\/v2\/media\/346413"}],"wp:attachment":[{"href":"https:\/\/www.livrariarema.com.br\/loja\/wp-json\/wp\/v2\/media?parent=49405"}],"wp:term":[{"taxonomy":"product_cat","embeddable":true,"href":"https:\/\/www.livrariarema.com.br\/loja\/wp-json\/wp\/v2\/product_cat?post=49405"},{"taxonomy":"product_tag","embeddable":true,"href":"https:\/\/www.livrariarema.com.br\/loja\/wp-json\/wp\/v2\/product_tag?post=49405"}],"curies":[{"name":"wp","href":"https:\/\/api.w.org\/{rel}","templated":true}]}}