{"id":49411,"date":"2021-01-21T15:16:30","date_gmt":"2021-01-21T18:16:30","guid":{"rendered":"https:\/\/www.livrariarema.com.br\/loja\/produtos\/sem%20categoria\/comentarios-expositivos-1-corintios-hernandes-dias-lopes\/"},"modified":"2026-03-13T16:52:59","modified_gmt":"2026-03-13T19:52:59","slug":"comentarios-expositivos-1-corintios-hernandes-dias-lopes","status":"publish","type":"product","link":"https:\/\/www.livrariarema.com.br\/loja\/produtos\/livros\/comentario-biblico\/comentarios-expositivos-1-corintios-hernandes-dias-lopes\/","title":{"rendered":"Coment\u00e1rios Expositivos &#8211; 1 Cor\u00edntios &#8211; Hernandes Dias Lopes"},"content":{"rendered":"<p>Em primeira aos Corintios, o apost\u00f3lo Paulo responde os pontos sobre os quais havia sido consultado, combinando a discuss\u00e3o doutrin\u00e1ria com os problemas morais e eclesi\u00e1sticos. <\/p>\n<p>A igreja tinha conhecimento, mas n\u00e3o amor; tinha carisma, mas n\u00e3o car\u00e1ter. <\/p>\n<p>A ep\u00edstola reflete claramente as condi\u00e7\u00f5es das igrejas primitivas e porque n\u00e3o de muitas igrejas da atualidade, fazendo da mensagem desta ep\u00edstola algo relevante e atual para toda igreja que deseja ser santa, que deseja viver em comunh\u00e3o e que deseja glorificar a Deus.<\/p>\n","protected":false},"excerpt":{"rendered":"<p>Em primeira aos Corintios, o apost\u00f3lo Paulo responde os pontos sobre os quais havia sido consultado, combinando a discuss\u00e3o doutrin\u00e1ria&hellip;<\/p>\n","protected":false},"featured_media":346097,"comment_status":"open","ping_status":"closed","template":"","meta":[],"product_cat":[164,134],"product_tag":[],"_links":{"self":[{"href":"https:\/\/www.livrariarema.com.br\/loja\/wp-json\/wp\/v2\/product\/49411"}],"collection":[{"href":"https:\/\/www.livrariarema.com.br\/loja\/wp-json\/wp\/v2\/product"}],"about":[{"href":"https:\/\/www.livrariarema.com.br\/loja\/wp-json\/wp\/v2\/types\/product"}],"replies":[{"embeddable":true,"href":"https:\/\/www.livrariarema.com.br\/loja\/wp-json\/wp\/v2\/comments?post=49411"}],"wp:featuredmedia":[{"embeddable":true,"href":"https:\/\/www.livrariarema.com.br\/loja\/wp-json\/wp\/v2\/media\/346097"}],"wp:attachment":[{"href":"https:\/\/www.livrariarema.com.br\/loja\/wp-json\/wp\/v2\/media?parent=49411"}],"wp:term":[{"taxonomy":"product_cat","embeddable":true,"href":"https:\/\/www.livrariarema.com.br\/loja\/wp-json\/wp\/v2\/product_cat?post=49411"},{"taxonomy":"product_tag","embeddable":true,"href":"https:\/\/www.livrariarema.com.br\/loja\/wp-json\/wp\/v2\/product_tag?post=49411"}],"curies":[{"name":"wp","href":"https:\/\/api.w.org\/{rel}","templated":true}]}}