{"id":49413,"date":"2021-01-21T15:16:34","date_gmt":"2021-01-21T18:16:34","guid":{"rendered":"https:\/\/www.livrariarema.com.br\/loja\/produtos\/sem%20categoria\/comentarios-expositivos-colossenses-hernandes-dias-lopes\/"},"modified":"2026-03-13T16:53:42","modified_gmt":"2026-03-13T19:53:42","slug":"comentarios-expositivos-colossenses-hernandes-dias-lopes","status":"publish","type":"product","link":"https:\/\/www.livrariarema.com.br\/loja\/produtos\/livros\/comentario-biblico\/comentarios-expositivos-colossenses-hernandes-dias-lopes\/","title":{"rendered":"Coment\u00e1rios Expositivos &#8211; Colossenses &#8211; Hernandes Dias Lopes"},"content":{"rendered":"<p>Como a Igreja deve posicionar-se nesse mundo t\u00e3o virulento? <\/p>\n<p>Como enfrentar as antigas e novas heresias que surgem no mercado da f\u00e9?<\/p>\n<p>Como dar respostas aos lobos com dentes afiados e aos lobos disfar\u00e7ados com peles de cordeiro? <\/p>\n<p>Em Colossenses, a suprema grandeza de Cristo, o cabe\u00e7a da Igreja Hernandes Dias Lopes nos oferece a resposta para saber viver em um tempo de toler\u00e2ncia com o erro e de intoler\u00e2ncia com a verdade.<\/p>\n<p>Ao mesmo tempo em que as heresias se aninham confortavelmente na Igreja, embalada nos bra\u00e7os da toler\u00e2ncia e do sincretismo religioso, a verdade \u00e9 atacada com rigor excessivo. <\/p>\n<p>Mais do que nunca estudar Colossenses \u00e9 oportuno e necess\u00e1rio, uma vez que testemunhamos um ressurgimento vigoroso de obras insolentes atacando o nosso bendito Deus e Salvador Jesus Cristo.<\/p>\n","protected":false},"excerpt":{"rendered":"<p>Como a Igreja deve posicionar-se nesse mundo t\u00e3o virulento? Como enfrentar as antigas e novas heresias que surgem no mercado&hellip;<\/p>\n","protected":false},"featured_media":346101,"comment_status":"open","ping_status":"closed","template":"","meta":[],"product_cat":[164,134],"product_tag":[],"_links":{"self":[{"href":"https:\/\/www.livrariarema.com.br\/loja\/wp-json\/wp\/v2\/product\/49413"}],"collection":[{"href":"https:\/\/www.livrariarema.com.br\/loja\/wp-json\/wp\/v2\/product"}],"about":[{"href":"https:\/\/www.livrariarema.com.br\/loja\/wp-json\/wp\/v2\/types\/product"}],"replies":[{"embeddable":true,"href":"https:\/\/www.livrariarema.com.br\/loja\/wp-json\/wp\/v2\/comments?post=49413"}],"wp:featuredmedia":[{"embeddable":true,"href":"https:\/\/www.livrariarema.com.br\/loja\/wp-json\/wp\/v2\/media\/346101"}],"wp:attachment":[{"href":"https:\/\/www.livrariarema.com.br\/loja\/wp-json\/wp\/v2\/media?parent=49413"}],"wp:term":[{"taxonomy":"product_cat","embeddable":true,"href":"https:\/\/www.livrariarema.com.br\/loja\/wp-json\/wp\/v2\/product_cat?post=49413"},{"taxonomy":"product_tag","embeddable":true,"href":"https:\/\/www.livrariarema.com.br\/loja\/wp-json\/wp\/v2\/product_tag?post=49413"}],"curies":[{"name":"wp","href":"https:\/\/api.w.org\/{rel}","templated":true}]}}