{"id":49415,"date":"2021-01-21T15:16:38","date_gmt":"2021-01-21T18:16:38","guid":{"rendered":"https:\/\/www.livrariarema.com.br\/loja\/produtos\/sem%20categoria\/comentarios-expositivos-obadias-e-ageu-hernandes-dias-lopes\/"},"modified":"2026-03-13T16:53:47","modified_gmt":"2026-03-13T19:53:47","slug":"comentarios-expositivos-obadias-e-ageu-hernandes-dias-lopes","status":"publish","type":"product","link":"https:\/\/www.livrariarema.com.br\/loja\/produtos\/livros\/comentario-biblico\/comentarios-expositivos-obadias-e-ageu-hernandes-dias-lopes\/","title":{"rendered":"Coment\u00e1rios Expositivos &#8211; Obadias E Ageu &#8211; Hernandes Dias Lopes"},"content":{"rendered":"<p>Obadias revela uma mensagem curta e poderosa da parte de Deus a Edom. <\/p>\n<p>O profeta identifica que os pecados que mais iraram a Deus foram as atitudes de ego\u00edsmo e orgulho de Edom contra Israel. Ageu traz uma mensagem de censura para o povo de Israel. <\/p>\n<p>Antes de concluir o templo o povo perdeu o interesse e entusiasmo, desviando a aten\u00e7\u00e3o para seus pr\u00f3prios interesses.<\/p>\n<p>Estudar os profetas menores \u00e9 fazer uma leitura acurada dos graves problemas que assolam nossa sociedade e atingem a igreja.<\/p>\n","protected":false},"excerpt":{"rendered":"<p>Obadias revela uma mensagem curta e poderosa da parte de Deus a Edom. O profeta identifica que os pecados que&hellip;<\/p>\n","protected":false},"featured_media":346102,"comment_status":"open","ping_status":"closed","template":"","meta":[],"product_cat":[164,134],"product_tag":[],"_links":{"self":[{"href":"https:\/\/www.livrariarema.com.br\/loja\/wp-json\/wp\/v2\/product\/49415"}],"collection":[{"href":"https:\/\/www.livrariarema.com.br\/loja\/wp-json\/wp\/v2\/product"}],"about":[{"href":"https:\/\/www.livrariarema.com.br\/loja\/wp-json\/wp\/v2\/types\/product"}],"replies":[{"embeddable":true,"href":"https:\/\/www.livrariarema.com.br\/loja\/wp-json\/wp\/v2\/comments?post=49415"}],"wp:featuredmedia":[{"embeddable":true,"href":"https:\/\/www.livrariarema.com.br\/loja\/wp-json\/wp\/v2\/media\/346102"}],"wp:attachment":[{"href":"https:\/\/www.livrariarema.com.br\/loja\/wp-json\/wp\/v2\/media?parent=49415"}],"wp:term":[{"taxonomy":"product_cat","embeddable":true,"href":"https:\/\/www.livrariarema.com.br\/loja\/wp-json\/wp\/v2\/product_cat?post=49415"},{"taxonomy":"product_tag","embeddable":true,"href":"https:\/\/www.livrariarema.com.br\/loja\/wp-json\/wp\/v2\/product_tag?post=49415"}],"curies":[{"name":"wp","href":"https:\/\/api.w.org\/{rel}","templated":true}]}}