{"id":49417,"date":"2021-01-21T15:16:43","date_gmt":"2021-01-21T18:16:43","guid":{"rendered":"https:\/\/www.livrariarema.com.br\/loja\/produtos\/sem%20categoria\/pregacao-expositiva-hernandes-dias-lopes\/"},"modified":"2026-03-13T16:53:54","modified_gmt":"2026-03-13T19:53:54","slug":"pregacao-expositiva-hernandes-dias-lopes","status":"publish","type":"product","link":"https:\/\/www.livrariarema.com.br\/loja\/produtos\/livros\/homiletica\/pregacao-expositiva-hernandes-dias-lopes\/","title":{"rendered":"Prega\u00e7\u00e3o Expositiva &#8211; Hernandes Dias Lopes"},"content":{"rendered":"<p>Prega\u00e7\u00e3o expositiva traz um panorama hist\u00f3rico da prega\u00e7\u00e3o expositiva, seu prop\u00f3sito, seu estilo, seus resultados e as caracter\u00edsticas de vida do pregador. <Br><br \/>\n<Br><br \/>\nAinda apresenta como corrigir as distor\u00e7\u00f5es p\u00f3s-modernas que levam a igreja ao crescimento explosivo, mas n\u00e3o saud\u00e1vel, redescobrindo a primazia da prega\u00e7\u00e3o expositiva. <Br><br \/>\n<Br><br \/>\nA Palavra de Deus deve ser pregada de forma fiel e integral. O rem\u00e9dio de Deus para a igreja contempor\u00e2nea \u00e9 a sua Palavra.<Br><\/p>\n","protected":false},"excerpt":{"rendered":"<p>Prega\u00e7\u00e3o expositiva traz um panorama hist\u00f3rico da prega\u00e7\u00e3o expositiva, seu prop\u00f3sito, seu estilo, seus resultados e as caracter\u00edsticas de vida&hellip;<\/p>\n","protected":false},"featured_media":346103,"comment_status":"open","ping_status":"closed","template":"","meta":[],"product_cat":[198,134],"product_tag":[],"_links":{"self":[{"href":"https:\/\/www.livrariarema.com.br\/loja\/wp-json\/wp\/v2\/product\/49417"}],"collection":[{"href":"https:\/\/www.livrariarema.com.br\/loja\/wp-json\/wp\/v2\/product"}],"about":[{"href":"https:\/\/www.livrariarema.com.br\/loja\/wp-json\/wp\/v2\/types\/product"}],"replies":[{"embeddable":true,"href":"https:\/\/www.livrariarema.com.br\/loja\/wp-json\/wp\/v2\/comments?post=49417"}],"wp:featuredmedia":[{"embeddable":true,"href":"https:\/\/www.livrariarema.com.br\/loja\/wp-json\/wp\/v2\/media\/346103"}],"wp:attachment":[{"href":"https:\/\/www.livrariarema.com.br\/loja\/wp-json\/wp\/v2\/media?parent=49417"}],"wp:term":[{"taxonomy":"product_cat","embeddable":true,"href":"https:\/\/www.livrariarema.com.br\/loja\/wp-json\/wp\/v2\/product_cat?post=49417"},{"taxonomy":"product_tag","embeddable":true,"href":"https:\/\/www.livrariarema.com.br\/loja\/wp-json\/wp\/v2\/product_tag?post=49417"}],"curies":[{"name":"wp","href":"https:\/\/api.w.org\/{rel}","templated":true}]}}