{"id":49474,"date":"2021-01-21T15:18:33","date_gmt":"2021-01-21T18:18:33","guid":{"rendered":"https:\/\/www.livrariarema.com.br\/loja\/produtos\/sem%20categoria\/licoes-missionarias-madugu-da-liberia-cartazes\/"},"modified":"2025-04-03T09:40:23","modified_gmt":"2025-04-03T12:40:23","slug":"licoes-missionarias-madugu-da-liberia-cartazes","status":"publish","type":"product","link":"https:\/\/www.livrariarema.com.br\/loja\/produtos\/diversos\/flanelografo-e-cartazes\/licoes-missionarias-madugu-da-liberia-cartazes\/","title":{"rendered":"Li\u00e7\u00f5es Mission\u00e1rias &#8211; Madugu, Da Lib\u00e9ria &#8211; Cartazes"},"content":{"rendered":"<p>A hist\u00f3ria acontece em um pa\u00eds africano, chamado Lib\u00e9ria. Madugu era um menino mu\u00e7ulmano. Ele caminhava mancando e a dor da perna machucada era tanta, que mordia os l\u00e1bios. Ele sabia que os mission\u00e1rios que moravam em sua regi\u00e3o, tinham rem\u00e9dios que aliviariam a sua dor. Mas como se aproximar? Os mission\u00e1rios eram crist\u00e3os e ele era mu\u00e7ulmano. Certos mu\u00e7ulmanos n\u00e3o permitiam que um crist\u00e3o os tocassem. Por\u00e9m, decidindo ir at\u00e9 eles, DEUS usou a vida dos mission\u00e1rios para que n\u00e3o s\u00f3 tratassem de sua perna com medicamentos, mas tamb\u00e9m sua alma, apresentando o Plano de Salva\u00e7\u00e3o atrav\u00e9s do Livro Sem Palavras.<BR><br \/>\n<BR><br \/>\nInclui: Figuras em cartazes (12 p\u00e1ginas) &#8211; Livro Roteiro &#8211; Explica\u00e7\u00e3o do Livro Sem Palavras (para reproduzir)<BR><\/p>\n","protected":false},"excerpt":{"rendered":"<p>A hist\u00f3ria acontece em um pa\u00eds africano, chamado Lib\u00e9ria. Madugu era um menino mu\u00e7ulmano. Ele caminhava mancando e a dor&hellip;<\/p>\n","protected":false},"featured_media":299194,"comment_status":"open","ping_status":"closed","template":"","meta":[],"product_cat":[132,133],"product_tag":[],"_links":{"self":[{"href":"https:\/\/www.livrariarema.com.br\/loja\/wp-json\/wp\/v2\/product\/49474"}],"collection":[{"href":"https:\/\/www.livrariarema.com.br\/loja\/wp-json\/wp\/v2\/product"}],"about":[{"href":"https:\/\/www.livrariarema.com.br\/loja\/wp-json\/wp\/v2\/types\/product"}],"replies":[{"embeddable":true,"href":"https:\/\/www.livrariarema.com.br\/loja\/wp-json\/wp\/v2\/comments?post=49474"}],"wp:featuredmedia":[{"embeddable":true,"href":"https:\/\/www.livrariarema.com.br\/loja\/wp-json\/wp\/v2\/media\/299194"}],"wp:attachment":[{"href":"https:\/\/www.livrariarema.com.br\/loja\/wp-json\/wp\/v2\/media?parent=49474"}],"wp:term":[{"taxonomy":"product_cat","embeddable":true,"href":"https:\/\/www.livrariarema.com.br\/loja\/wp-json\/wp\/v2\/product_cat?post=49474"},{"taxonomy":"product_tag","embeddable":true,"href":"https:\/\/www.livrariarema.com.br\/loja\/wp-json\/wp\/v2\/product_tag?post=49474"}],"curies":[{"name":"wp","href":"https:\/\/api.w.org\/{rel}","templated":true}]}}