{"id":49546,"date":"2021-01-21T15:21:22","date_gmt":"2021-01-21T18:21:22","guid":{"rendered":"https:\/\/www.livrariarema.com.br\/loja\/produtos\/sem%20categoria\/convite-a-interpretacao-biblica-andreas-j-kostenberger\/"},"modified":"2026-02-20T12:59:26","modified_gmt":"2026-02-20T15:59:26","slug":"convite-a-interpretacao-biblica-andreas-j-kostenberger","status":"publish","type":"product","link":"https:\/\/www.livrariarema.com.br\/loja\/produtos\/promocao\/livros-promocao\/convite-a-interpretacao-biblica-andreas-j-kostenberger\/","title":{"rendered":"Convite \u00c0 Interpreta\u00e7\u00e3o B\u00edblica &#8211; Andreas J. Kostenberger"},"content":{"rendered":"<p>Nesta obra Andreas K\u00f6stenberger (especialista em Novo Testamento) e Richard Patterson (especialista em Antigo Testamento) oferecem um manual que utiliza o m\u00e9todo de interpreta\u00e7\u00e3o b\u00edblica denominado &#8220;tr\u00edade hermen\u00eautica&#8221;, o qual acessa o texto b\u00edblico pelos \u00e2ngulos da hist\u00f3ria, da literatura e da teologia.   <\/p>\n<p>A abordagem examina tanto os antecedentes hist\u00f3ricos quanto o contexto liter\u00e1rio para focar o conte\u00fado teol\u00f3gico. Percorrendo os g\u00eaneros da Escritura e mostrando como o m\u00e9todo se aplica a cada um deles, os autores fornecem exemplos interpretativos que orientam o aluno na exegese correta.   <\/p>\n<p>A obra \u00e9 estruturada para cobrir os passos da atividade interpretativa com vistas ao serm\u00e3o. Ela se divide em PREPARA\u00c7\u00c3O, INTERPRETA\u00c7\u00c3O E APLICA\u00c7\u00c3O.<\/p>\n","protected":false},"excerpt":{"rendered":"<p>Nesta obra Andreas K\u00f6stenberger (especialista em Novo Testamento) e Richard Patterson (especialista em Antigo Testamento) oferecem um manual que utiliza&hellip;<\/p>\n","protected":false},"featured_media":344974,"comment_status":"open","ping_status":"closed","template":"","meta":[],"product_cat":[143,142],"product_tag":[],"_links":{"self":[{"href":"https:\/\/www.livrariarema.com.br\/loja\/wp-json\/wp\/v2\/product\/49546"}],"collection":[{"href":"https:\/\/www.livrariarema.com.br\/loja\/wp-json\/wp\/v2\/product"}],"about":[{"href":"https:\/\/www.livrariarema.com.br\/loja\/wp-json\/wp\/v2\/types\/product"}],"replies":[{"embeddable":true,"href":"https:\/\/www.livrariarema.com.br\/loja\/wp-json\/wp\/v2\/comments?post=49546"}],"wp:featuredmedia":[{"embeddable":true,"href":"https:\/\/www.livrariarema.com.br\/loja\/wp-json\/wp\/v2\/media\/344974"}],"wp:attachment":[{"href":"https:\/\/www.livrariarema.com.br\/loja\/wp-json\/wp\/v2\/media?parent=49546"}],"wp:term":[{"taxonomy":"product_cat","embeddable":true,"href":"https:\/\/www.livrariarema.com.br\/loja\/wp-json\/wp\/v2\/product_cat?post=49546"},{"taxonomy":"product_tag","embeddable":true,"href":"https:\/\/www.livrariarema.com.br\/loja\/wp-json\/wp\/v2\/product_tag?post=49546"}],"curies":[{"name":"wp","href":"https:\/\/api.w.org\/{rel}","templated":true}]}}