{"id":49560,"date":"2021-01-21T15:21:50","date_gmt":"2021-01-21T18:21:50","guid":{"rendered":"https:\/\/www.livrariarema.com.br\/loja\/produtos\/sem%20categoria\/enquanto-o-principe-nao-vem-kathleen-hardaway\/"},"modified":"2025-05-09T12:44:48","modified_gmt":"2025-05-09T15:44:48","slug":"enquanto-o-principe-nao-vem-kathleen-hardaway","status":"publish","type":"product","link":"https:\/\/www.livrariarema.com.br\/loja\/produtos\/livros\/mulher\/enquanto-o-principe-nao-vem-kathleen-hardaway\/","title":{"rendered":"Enquanto O Pr\u00edncipe N\u00e3o Vem &#8211; Kathleen Hardaway"},"content":{"rendered":"<p>Uma boa parte das mulheres espera ansiosamente pelo dia em que encontrar\u00e1 o homem da sua vida. Muitas conseguem at\u00e9 criar na mente o tipo ideal, desejando encontrar um companheiro do jeito exato que imaginaram. E colocam todas as suas expectativas nesse &#8220;pr\u00edncipe&#8221; que vai chegar montado num cavalo branco e lev\u00e1-las para o seu castelo, onde os dois viver\u00e3o felizes para sempre&#8230; <\/p>\n<p>Mas, vamos encarar os fatos! Para muitas mulheres os anos passam e o t\u00e3o aguardado &#8220;pr\u00edncipe&#8221; &#8211; aquele que vir\u00e1 para tir\u00e1-las da solid\u00e3o e dar-lhes uma vida repleta de amor &#8211; parece que n\u00e3o vai mais chegar. Seus planos e esperan\u00e7as se frustram, e podem at\u00e9 come\u00e7ar a ficar ressentidas contra Deus. &#8220;Afinal de contas, Deus n\u00e3o quer o melhor pra mim? Por que ent\u00e3o meu `pr\u00edncipe n\u00e3o chega?&#8221; E apesar de conhecerem e at\u00e9 se relacionarem com pessoas interessantes, ningu\u00e9m se encaixa no perfil do &#8220;homem dos meus sonhos&#8221;.<\/p>\n<p>Kathleen Hardaway \u00e9 escritora, conferencista, produtora e diretora de programas evang\u00e9licos para a TV americana. Ela descobriu que ser solteira n\u00e3o significa levar uma vida &#8220;deficiente&#8221;. Por isso resolveu compartilhar com cada leitora sua pr\u00f3pria experi\u00eancia e as situa\u00e7\u00f5es que a levaram a encarar seu estado civil como uma oportunidade de viver a vida intensamente e realizar muitas coisas que n\u00e3o poderia se fosse casada. Ela espera que cada leitora sinta-se reanimada e encorajada diante das situa\u00e7\u00f5es nem sempre favor\u00e1veis. E d\u00e1 dicas de como a mulher pode ser feliz independentemente de ter ou n\u00e3o um companheiro. <\/p>\n<p>Se, para voc\u00ea, a espera do seu &#8220;pr\u00edncipe&#8221; est\u00e1 sendo longa demais, leia este livro. E descubra que existe um verdadeiro &#8220;Pr\u00edncipe&#8221; que promete cuidar de voc\u00ea melhor do que ningu\u00e9m, e que deseja tornar-se o foco da sua aten\u00e7\u00e3o e da sua espera.<\/p>\n","protected":false},"excerpt":{"rendered":"<p>Uma boa parte das mulheres espera ansiosamente pelo dia em que encontrar\u00e1 o homem da sua vida. Muitas conseguem at\u00e9&hellip;<\/p>\n","protected":false},"featured_media":330843,"comment_status":"open","ping_status":"closed","template":"","meta":[],"product_cat":[134,170],"product_tag":[],"_links":{"self":[{"href":"https:\/\/www.livrariarema.com.br\/loja\/wp-json\/wp\/v2\/product\/49560"}],"collection":[{"href":"https:\/\/www.livrariarema.com.br\/loja\/wp-json\/wp\/v2\/product"}],"about":[{"href":"https:\/\/www.livrariarema.com.br\/loja\/wp-json\/wp\/v2\/types\/product"}],"replies":[{"embeddable":true,"href":"https:\/\/www.livrariarema.com.br\/loja\/wp-json\/wp\/v2\/comments?post=49560"}],"wp:featuredmedia":[{"embeddable":true,"href":"https:\/\/www.livrariarema.com.br\/loja\/wp-json\/wp\/v2\/media\/330843"}],"wp:attachment":[{"href":"https:\/\/www.livrariarema.com.br\/loja\/wp-json\/wp\/v2\/media?parent=49560"}],"wp:term":[{"taxonomy":"product_cat","embeddable":true,"href":"https:\/\/www.livrariarema.com.br\/loja\/wp-json\/wp\/v2\/product_cat?post=49560"},{"taxonomy":"product_tag","embeddable":true,"href":"https:\/\/www.livrariarema.com.br\/loja\/wp-json\/wp\/v2\/product_tag?post=49560"}],"curies":[{"name":"wp","href":"https:\/\/api.w.org\/{rel}","templated":true}]}}