{"id":49624,"date":"2021-01-21T15:23:49","date_gmt":"2021-01-21T18:23:49","guid":{"rendered":"https:\/\/www.livrariarema.com.br\/loja\/produtos\/sem%20categoria\/comentarios-expositivos-2-corintios-hernandes-dias-lopes\/"},"modified":"2026-03-13T16:54:00","modified_gmt":"2026-03-13T19:54:00","slug":"comentarios-expositivos-2-corintios-hernandes-dias-lopes","status":"publish","type":"product","link":"https:\/\/www.livrariarema.com.br\/loja\/produtos\/livros\/comentario-biblico\/comentarios-expositivos-2-corintios-hernandes-dias-lopes\/","title":{"rendered":"Coment\u00e1rios Expositivos &#8211; 2 Cor\u00edntios &#8211; Hernandes Dias Lopes"},"content":{"rendered":"<p>Em segunda aos cor\u00edntios Hernandes Dias Lopes nos mostra as afli\u00e7\u00f5es do ap\u00f3stolo Paulo.<\/p>\n<p>O ap\u00f3stolo escreveu esta carta para falar da necessidade da igreja perdoar.<\/p>\n<p>Segunda aos corintios nos d\u00e1 coragem para vencer o des\u00e2nimo e nos lembra que devemos buscar for\u00e7as em Cristo. <\/p>\n<p>A fonte do consolo \u00e9 esta gloriosa verdade: &#8220;A minha gra\u00e7a te basta, por que o poder se aperfei\u00e7oa na fraqueza&#8221;.<\/p>\n","protected":false},"excerpt":{"rendered":"<p>Em segunda aos cor\u00edntios Hernandes Dias Lopes nos mostra as afli\u00e7\u00f5es do ap\u00f3stolo Paulo. O ap\u00f3stolo escreveu esta carta para&hellip;<\/p>\n","protected":false},"featured_media":346104,"comment_status":"open","ping_status":"closed","template":"","meta":[],"product_cat":[164,134],"product_tag":[],"_links":{"self":[{"href":"https:\/\/www.livrariarema.com.br\/loja\/wp-json\/wp\/v2\/product\/49624"}],"collection":[{"href":"https:\/\/www.livrariarema.com.br\/loja\/wp-json\/wp\/v2\/product"}],"about":[{"href":"https:\/\/www.livrariarema.com.br\/loja\/wp-json\/wp\/v2\/types\/product"}],"replies":[{"embeddable":true,"href":"https:\/\/www.livrariarema.com.br\/loja\/wp-json\/wp\/v2\/comments?post=49624"}],"wp:featuredmedia":[{"embeddable":true,"href":"https:\/\/www.livrariarema.com.br\/loja\/wp-json\/wp\/v2\/media\/346104"}],"wp:attachment":[{"href":"https:\/\/www.livrariarema.com.br\/loja\/wp-json\/wp\/v2\/media?parent=49624"}],"wp:term":[{"taxonomy":"product_cat","embeddable":true,"href":"https:\/\/www.livrariarema.com.br\/loja\/wp-json\/wp\/v2\/product_cat?post=49624"},{"taxonomy":"product_tag","embeddable":true,"href":"https:\/\/www.livrariarema.com.br\/loja\/wp-json\/wp\/v2\/product_tag?post=49624"}],"curies":[{"name":"wp","href":"https:\/\/api.w.org\/{rel}","templated":true}]}}