{"id":49626,"date":"2021-01-21T15:23:53","date_gmt":"2021-01-21T18:23:53","guid":{"rendered":"https:\/\/www.livrariarema.com.br\/loja\/produtos\/sem%20categoria\/comentarios-expositivos-miqueias-hernandes-dias-lopes\/"},"modified":"2026-03-13T16:54:33","modified_gmt":"2026-03-13T19:54:33","slug":"comentarios-expositivos-miqueias-hernandes-dias-lopes","status":"publish","type":"product","link":"https:\/\/www.livrariarema.com.br\/loja\/produtos\/livros\/comentario-biblico\/comentarios-expositivos-miqueias-hernandes-dias-lopes\/","title":{"rendered":"Coment\u00e1rios Expositivos &#8211; Miqueias &#8211; Hernandes Dias Lopes"},"content":{"rendered":"<p>Miqueias denunciou os pecados de Jerusal\u00e9m, profetizou o cativeiro de Jud\u00e1, mas tamb\u00e9m falou da miseric\u00f3rdia divina. Deus disciplina seu povo, mas n\u00e3o desiste dele. <\/p>\n<p>O Deus que manda para o cativeiro tamb\u00e9m liberta do cativeiro.<\/p>\n<p>O livro de Miqueias equilibra ju\u00edzo e miseric\u00f3rdia, disciplina e restaura\u00e7\u00e3o, sofrimento e esperan\u00e7a.<\/p>\n","protected":false},"excerpt":{"rendered":"<p>Miqueias denunciou os pecados de Jerusal\u00e9m, profetizou o cativeiro de Jud\u00e1, mas tamb\u00e9m falou da miseric\u00f3rdia divina. Deus disciplina seu&hellip;<\/p>\n","protected":false},"featured_media":346107,"comment_status":"open","ping_status":"closed","template":"","meta":[],"product_cat":[164,134],"product_tag":[],"_links":{"self":[{"href":"https:\/\/www.livrariarema.com.br\/loja\/wp-json\/wp\/v2\/product\/49626"}],"collection":[{"href":"https:\/\/www.livrariarema.com.br\/loja\/wp-json\/wp\/v2\/product"}],"about":[{"href":"https:\/\/www.livrariarema.com.br\/loja\/wp-json\/wp\/v2\/types\/product"}],"replies":[{"embeddable":true,"href":"https:\/\/www.livrariarema.com.br\/loja\/wp-json\/wp\/v2\/comments?post=49626"}],"wp:featuredmedia":[{"embeddable":true,"href":"https:\/\/www.livrariarema.com.br\/loja\/wp-json\/wp\/v2\/media\/346107"}],"wp:attachment":[{"href":"https:\/\/www.livrariarema.com.br\/loja\/wp-json\/wp\/v2\/media?parent=49626"}],"wp:term":[{"taxonomy":"product_cat","embeddable":true,"href":"https:\/\/www.livrariarema.com.br\/loja\/wp-json\/wp\/v2\/product_cat?post=49626"},{"taxonomy":"product_tag","embeddable":true,"href":"https:\/\/www.livrariarema.com.br\/loja\/wp-json\/wp\/v2\/product_tag?post=49626"}],"curies":[{"name":"wp","href":"https:\/\/api.w.org\/{rel}","templated":true}]}}