{"id":49660,"date":"2021-01-21T15:25:00","date_gmt":"2021-01-21T18:25:00","guid":{"rendered":"https:\/\/www.livrariarema.com.br\/loja\/produtos\/sem%20categoria\/licoes-do-novo-testamento-paulo-servo-de-deus-cartazes\/"},"modified":"2024-08-15T11:34:07","modified_gmt":"2024-08-15T14:34:07","slug":"licoes-do-novo-testamento-paulo-servo-de-deus-cartazes","status":"publish","type":"product","link":"https:\/\/www.livrariarema.com.br\/loja\/produtos\/diversos\/flanelografo-e-cartazes\/licoes-do-novo-testamento-paulo-servo-de-deus-cartazes\/","title":{"rendered":"Li\u00e7\u00f5es Do Novo Testamento &#8211; Paulo, Servo De Deus &#8211; Cartazes"},"content":{"rendered":"<p>Com essas lindas hist\u00f3rias as crian\u00e7as compreender\u00e3o que Deus tem um plano para suas vidas; que elas podem buscar a dire\u00e7\u00e3o espec\u00edfica de Deus todos os dias; a se alegrarem em qualquer situa\u00e7\u00e3o; terem paz mesmo nos momentos de preocupa\u00e7\u00e3o e a estabelecerem alvos para suas vidas.<\/p>\n<p>6 Li\u00e7\u00f5es B\u00edblicas Evangel\u00edsticas para crian\u00e7as de 5 a 12 anos, com sugest\u00e3o de aplica\u00e7\u00e3o para crian\u00e7as em idade Pr\u00e9 Escolar:<\/p>\n<p>1) Paulo se torna crist\u00e3o (Ensino Principal &#8211; Creia que Jesus morreu e ressuscitou para salvar voc\u00ea do seu pecado)<br \/>\n2) Paulo aprende a obedecer a Deus (Ensino Principal &#8211; Siga a orienta\u00e7\u00e3o de Deus para a sua vida)<br \/>\n3) Paulo se torna um mission\u00e1rio (Ensino Principal &#8211; Fale de Jesus para outras pessoas)<br \/>\n4) Paulo aprende a alegrar-se no Senhor (Ensino Principal &#8211; Voc\u00ea pode alegrar-se no Senhor, mesmo em tempos dif\u00edceis)<br \/>\n5) Paulo experimenta a paz de Deus em tempos de prova\u00e7\u00e3o (Ensino Principal &#8211; Deixe que a paz de Deus encha o seu cora\u00e7\u00e3o)<br \/>\n6) Paulo aguarda seu pr\u00eamio (Ensino Principal &#8211; Permita que Deus cumpra o prop\u00f3sito dEle em sua vida)<\/p>\n<p>Inclui: Figuras em Cartazes (6 para cada li\u00e7\u00e3o) com os vers\u00edculos visualizados &#8211; Livro Roteiro &#8211; Tabela de Planejamento -Resumo de cada li\u00e7\u00e3o e Esbo\u00e7o &#8211; Ideia de programa de aula para 60 minutos &#8211; Como fazer a memoriza\u00e7\u00e3o de cada vers\u00edculo &#8211; Brincadeiras e perguntas para revis\u00e3o &#8211; Atividade de aprendizagem &#8211; Lembretes dos vers\u00edculos (itens reproduz\u00edveis) <\/p>\n","protected":false},"excerpt":{"rendered":"<p>Com essas lindas hist\u00f3rias as crian\u00e7as compreender\u00e3o que Deus tem um plano para suas vidas; que elas podem buscar a&hellip;<\/p>\n","protected":false},"featured_media":311431,"comment_status":"open","ping_status":"closed","template":"","meta":[],"product_cat":[132,133],"product_tag":[],"_links":{"self":[{"href":"https:\/\/www.livrariarema.com.br\/loja\/wp-json\/wp\/v2\/product\/49660"}],"collection":[{"href":"https:\/\/www.livrariarema.com.br\/loja\/wp-json\/wp\/v2\/product"}],"about":[{"href":"https:\/\/www.livrariarema.com.br\/loja\/wp-json\/wp\/v2\/types\/product"}],"replies":[{"embeddable":true,"href":"https:\/\/www.livrariarema.com.br\/loja\/wp-json\/wp\/v2\/comments?post=49660"}],"wp:featuredmedia":[{"embeddable":true,"href":"https:\/\/www.livrariarema.com.br\/loja\/wp-json\/wp\/v2\/media\/311431"}],"wp:attachment":[{"href":"https:\/\/www.livrariarema.com.br\/loja\/wp-json\/wp\/v2\/media?parent=49660"}],"wp:term":[{"taxonomy":"product_cat","embeddable":true,"href":"https:\/\/www.livrariarema.com.br\/loja\/wp-json\/wp\/v2\/product_cat?post=49660"},{"taxonomy":"product_tag","embeddable":true,"href":"https:\/\/www.livrariarema.com.br\/loja\/wp-json\/wp\/v2\/product_tag?post=49660"}],"curies":[{"name":"wp","href":"https:\/\/api.w.org\/{rel}","templated":true}]}}