{"id":49662,"date":"2021-01-21T15:25:04","date_gmt":"2021-01-21T18:25:04","guid":{"rendered":"https:\/\/www.livrariarema.com.br\/loja\/produtos\/sem%20categoria\/licoes-do-antigo-testamento-davi-vol-1-um-homem-segundo-o-coracao-de-deus-cartazes\/"},"modified":"2025-10-23T17:11:45","modified_gmt":"2025-10-23T20:11:45","slug":"licoes-do-antigo-testamento-davi-vol-1-um-homem-segundo-o-coracao-de-deus-cartazes","status":"publish","type":"product","link":"https:\/\/www.livrariarema.com.br\/loja\/produtos\/diversos\/flanelografo-e-cartazes\/licoes-do-antigo-testamento-davi-vol-1-um-homem-segundo-o-coracao-de-deus-cartazes\/","title":{"rendered":"Li\u00e7\u00f5es Do Antigo Testamento &#8211; Davi Vol. 1 &#8211; Um Homem Segundo O Cora\u00e7\u00e3o De Deus &#8211; Cartazes"},"content":{"rendered":"<p>Com essas lindas hist\u00f3rias as crian\u00e7as aprender\u00e3o a ter piedade.<\/p>\n<p>6 Li\u00e7\u00f5es B\u00edblicas Evangel\u00edsticas para crian\u00e7as de 5 a 12 anos, com sugest\u00e3o de aplica\u00e7\u00e3o para crian\u00e7as em idade Pr\u00e9 Escolar:<br \/>\n1) Israel requer um rei (D\u00ea a Deus o primeiro lugar em sua vida)<br \/>\n2) A desobedi\u00eancia de Saul (Busque for\u00e7a de Deus quando voc\u00ea for tentado a desobedecer)<br \/>\n3) Deus escolhe Davi para ser rei (Deus usar\u00e1 voc\u00ea se seu cora\u00e7\u00e3o estiver de acordo com Ele)<br \/>\n4) Deus d\u00e1 uma vit\u00f3ria para Davi (Conte com Deus para dar coragem a voc\u00ea)<br \/>\n5) O invejoso Saul tenta matar Davi (Com a ajuda de Deus, voc\u00ea pode interromper o pecado da inveja)<br \/>\n6) Davi poupa a vida de Saul (Deus quer que voc\u00ea fa\u00e7a o bem, mesmo aos que maltratam voc\u00ea)<\/p>\n<p>Inclui: Figuras em Cartazes (6 para cada li\u00e7\u00e3o) com os vers\u00edculos visualizados &#8211; Livro Roteiro &#8211; Tabela de Planejamento -Resumo de cada li\u00e7\u00e3o e Esbo\u00e7o &#8211; Ideia de programa de aula para 60 minutos &#8211; Como fazer a memoriza\u00e7\u00e3o de cada vers\u00edculo &#8211; Brincadeiras e perguntas para revis\u00e3o &#8211; Atividade de aprendizagem &#8211; Lembretes dos vers\u00edculos (itens reproduz\u00edveis)<\/p>\n","protected":false},"excerpt":{"rendered":"<p>Com essas lindas hist\u00f3rias as crian\u00e7as aprender\u00e3o a ter piedade. 6 Li\u00e7\u00f5es B\u00edblicas Evangel\u00edsticas para crian\u00e7as de 5 a 12&hellip;<\/p>\n","protected":false},"featured_media":238059,"comment_status":"open","ping_status":"closed","template":"","meta":[],"product_cat":[132,133],"product_tag":[],"_links":{"self":[{"href":"https:\/\/www.livrariarema.com.br\/loja\/wp-json\/wp\/v2\/product\/49662"}],"collection":[{"href":"https:\/\/www.livrariarema.com.br\/loja\/wp-json\/wp\/v2\/product"}],"about":[{"href":"https:\/\/www.livrariarema.com.br\/loja\/wp-json\/wp\/v2\/types\/product"}],"replies":[{"embeddable":true,"href":"https:\/\/www.livrariarema.com.br\/loja\/wp-json\/wp\/v2\/comments?post=49662"}],"wp:featuredmedia":[{"embeddable":true,"href":"https:\/\/www.livrariarema.com.br\/loja\/wp-json\/wp\/v2\/media\/238059"}],"wp:attachment":[{"href":"https:\/\/www.livrariarema.com.br\/loja\/wp-json\/wp\/v2\/media?parent=49662"}],"wp:term":[{"taxonomy":"product_cat","embeddable":true,"href":"https:\/\/www.livrariarema.com.br\/loja\/wp-json\/wp\/v2\/product_cat?post=49662"},{"taxonomy":"product_tag","embeddable":true,"href":"https:\/\/www.livrariarema.com.br\/loja\/wp-json\/wp\/v2\/product_tag?post=49662"}],"curies":[{"name":"wp","href":"https:\/\/api.w.org\/{rel}","templated":true}]}}