{"id":49704,"date":"2021-01-21T15:26:40","date_gmt":"2021-01-21T18:26:40","guid":{"rendered":"https:\/\/www.livrariarema.com.br\/loja\/produtos\/sem%20categoria\/arc067tilgilv-biblia-letra-gigante-indice-preta\/"},"modified":"2026-04-08T13:16:32","modified_gmt":"2026-04-08T16:16:32","slug":"arc067tilgilv-biblia-letra-gigante-indice-preta","status":"publish","type":"product","link":"https:\/\/www.livrariarema.com.br\/loja\/produtos\/biblias\/revista-corrigida-biblias\/arc067tilgilv-biblia-letra-gigante-indice-preta\/","title":{"rendered":"Arc067tilgilv &#8211; B\u00edblia Letra Gigante &#8211; \u00cdndice &#8211; Preta"},"content":{"rendered":"<p>Letra gigante e tamanho compacto. Assim foi desenvolvida essa edi\u00e7\u00e3o da B\u00edblia Sagrada, que traz a tradu\u00e7\u00e3o de Almeida Revista e Corrigida (ARC) e in\u00fameros recursos. Seu design e concep\u00e7\u00e3o gr\u00e1fica proporcionam mais praticidade no manuseio da publica\u00e7\u00e3o e mais conforto na leitura. <\/p>\n<p><b>Recursos:<\/b><\/p>\n<p> &#8211; Palavras de Jesus impressas em vermelho<br \/>\n &#8211; Notas e refer\u00eancias b\u00edblicas<br \/>\n &#8211; Tabela de pesos, moedas e medidas<br \/>\n &#8211; Como encontrar ajuda na B\u00edblia<br \/>\n &#8211; Leituras para dias especiais<br \/>\n &#8211; O que a B\u00edblia diz sobre o perd\u00e3o de Deus<br \/>\n &#8211; Mapas<\/p>\n","protected":false},"excerpt":{"rendered":"<p>Letra gigante e tamanho compacto. Assim foi desenvolvida essa edi\u00e7\u00e3o da B\u00edblia Sagrada, que traz a tradu\u00e7\u00e3o de Almeida Revista&hellip;<\/p>\n","protected":false},"featured_media":343703,"comment_status":"open","ping_status":"closed","template":"","meta":[],"product_cat":[139,149],"product_tag":[],"_links":{"self":[{"href":"https:\/\/www.livrariarema.com.br\/loja\/wp-json\/wp\/v2\/product\/49704"}],"collection":[{"href":"https:\/\/www.livrariarema.com.br\/loja\/wp-json\/wp\/v2\/product"}],"about":[{"href":"https:\/\/www.livrariarema.com.br\/loja\/wp-json\/wp\/v2\/types\/product"}],"replies":[{"embeddable":true,"href":"https:\/\/www.livrariarema.com.br\/loja\/wp-json\/wp\/v2\/comments?post=49704"}],"wp:featuredmedia":[{"embeddable":true,"href":"https:\/\/www.livrariarema.com.br\/loja\/wp-json\/wp\/v2\/media\/343703"}],"wp:attachment":[{"href":"https:\/\/www.livrariarema.com.br\/loja\/wp-json\/wp\/v2\/media?parent=49704"}],"wp:term":[{"taxonomy":"product_cat","embeddable":true,"href":"https:\/\/www.livrariarema.com.br\/loja\/wp-json\/wp\/v2\/product_cat?post=49704"},{"taxonomy":"product_tag","embeddable":true,"href":"https:\/\/www.livrariarema.com.br\/loja\/wp-json\/wp\/v2\/product_tag?post=49704"}],"curies":[{"name":"wp","href":"https:\/\/api.w.org\/{rel}","templated":true}]}}