{"id":49754,"date":"2021-01-21T15:27:37","date_gmt":"2021-01-21T18:27:37","guid":{"rendered":"https:\/\/www.livrariarema.com.br\/loja\/produtos\/sem%20categoria\/bhs353-biblia-hebraica-stuttgartencia-marrom\/"},"modified":"2026-02-12T14:41:20","modified_gmt":"2026-02-12T17:41:20","slug":"bhs353-biblia-hebraica-stuttgartencia-marrom","status":"publish","type":"product","link":"https:\/\/www.livrariarema.com.br\/loja\/produtos\/biblias\/outros-idiomas\/bhs353-biblia-hebraica-stuttgartencia-marrom\/","title":{"rendered":"Bhs353 &#8211; B\u00edblia Hebraica Stuttgartensia &#8211; Marrom"},"content":{"rendered":"<p>Pela primeira vez, esta obra recebe introdu\u00e7\u00e3o em portugu\u00eas. Editada sob a coordena\u00e7\u00e3o de Karl Elliger e Wilhelm Rudolph. Quinta edi\u00e7\u00e3o revisada, de 1997, preparada por Adrian Schenker.  <\/p>\n<p><b>Recursos:<\/b><\/p>\n<p>Edi\u00e7\u00e3o cr\u00edtica padr\u00e3o da Biblia Hebraica, com texto em hebraico baseado no C\u00f3dice Leningradense Introdu\u00e7\u00f5es em portugu\u00eas, ingl\u00eas, alem\u00e3o, franc\u00eas, espanhol e latim <\/p>\n<p>   Revis\u00e3o completa do aparato massor\u00e9tico por G\u00e9rard E. Weil Massora Parva (Menor) completa impressa na margem, remetendo o leitor \u00e0 Massora Magna (Maior), impressa separadamente<\/p>\n<p>    Gloss\u00e1rio em ingl\u00eas e alem\u00e3o para palavras e abreviaturas latinas<\/p>\n","protected":false},"excerpt":{"rendered":"<p>Pela primeira vez, esta obra recebe introdu\u00e7\u00e3o em portugu\u00eas. Editada sob a coordena\u00e7\u00e3o de Karl Elliger e Wilhelm Rudolph. Quinta&hellip;<\/p>\n","protected":false},"featured_media":337221,"comment_status":"open","ping_status":"closed","template":"","meta":[],"product_cat":[139,141],"product_tag":[],"_links":{"self":[{"href":"https:\/\/www.livrariarema.com.br\/loja\/wp-json\/wp\/v2\/product\/49754"}],"collection":[{"href":"https:\/\/www.livrariarema.com.br\/loja\/wp-json\/wp\/v2\/product"}],"about":[{"href":"https:\/\/www.livrariarema.com.br\/loja\/wp-json\/wp\/v2\/types\/product"}],"replies":[{"embeddable":true,"href":"https:\/\/www.livrariarema.com.br\/loja\/wp-json\/wp\/v2\/comments?post=49754"}],"wp:featuredmedia":[{"embeddable":true,"href":"https:\/\/www.livrariarema.com.br\/loja\/wp-json\/wp\/v2\/media\/337221"}],"wp:attachment":[{"href":"https:\/\/www.livrariarema.com.br\/loja\/wp-json\/wp\/v2\/media?parent=49754"}],"wp:term":[{"taxonomy":"product_cat","embeddable":true,"href":"https:\/\/www.livrariarema.com.br\/loja\/wp-json\/wp\/v2\/product_cat?post=49754"},{"taxonomy":"product_tag","embeddable":true,"href":"https:\/\/www.livrariarema.com.br\/loja\/wp-json\/wp\/v2\/product_tag?post=49754"}],"curies":[{"name":"wp","href":"https:\/\/api.w.org\/{rel}","templated":true}]}}