{"id":49831,"date":"2021-01-21T15:29:50","date_gmt":"2021-01-21T18:29:50","guid":{"rendered":"https:\/\/www.livrariarema.com.br\/loja\/produtos\/sem%20categoria\/eu-e-minha-boca-grande-joyce-meyer\/"},"modified":"2026-04-01T14:32:06","modified_gmt":"2026-04-01T17:32:06","slug":"eu-e-minha-boca-grande-joyce-meyer","status":"publish","type":"product","link":"https:\/\/www.livrariarema.com.br\/loja\/produtos\/livros\/mulher\/eu-e-minha-boca-grande-joyce-meyer\/","title":{"rendered":"Eu E Minha Boca Grande! &#8211; Joyce Meyer"},"content":{"rendered":"<p>Este livro lhe mostrar\u00e1 como domar a sua l\u00edngua para dizer palavras que o colocar\u00e3o em um lugar superior nesta vida. A confiss\u00e3o de f\u00e9 e o caminhar com Deus o levar\u00e1 a ver o pleno poder dEle fluindo em voc\u00ea.<\/p>\n","protected":false},"excerpt":{"rendered":"<p>Este livro lhe mostrar\u00e1 como domar a sua l\u00edngua para dizer palavras que o colocar\u00e3o em um lugar superior nesta&hellip;<\/p>\n","protected":false},"featured_media":342809,"comment_status":"open","ping_status":"closed","template":"","meta":[],"product_cat":[134,170],"product_tag":[],"_links":{"self":[{"href":"https:\/\/www.livrariarema.com.br\/loja\/wp-json\/wp\/v2\/product\/49831"}],"collection":[{"href":"https:\/\/www.livrariarema.com.br\/loja\/wp-json\/wp\/v2\/product"}],"about":[{"href":"https:\/\/www.livrariarema.com.br\/loja\/wp-json\/wp\/v2\/types\/product"}],"replies":[{"embeddable":true,"href":"https:\/\/www.livrariarema.com.br\/loja\/wp-json\/wp\/v2\/comments?post=49831"}],"wp:featuredmedia":[{"embeddable":true,"href":"https:\/\/www.livrariarema.com.br\/loja\/wp-json\/wp\/v2\/media\/342809"}],"wp:attachment":[{"href":"https:\/\/www.livrariarema.com.br\/loja\/wp-json\/wp\/v2\/media?parent=49831"}],"wp:term":[{"taxonomy":"product_cat","embeddable":true,"href":"https:\/\/www.livrariarema.com.br\/loja\/wp-json\/wp\/v2\/product_cat?post=49831"},{"taxonomy":"product_tag","embeddable":true,"href":"https:\/\/www.livrariarema.com.br\/loja\/wp-json\/wp\/v2\/product_tag?post=49831"}],"curies":[{"name":"wp","href":"https:\/\/api.w.org\/{rel}","templated":true}]}}